{"id":195,"date":"2016-09-26T13:28:37","date_gmt":"2016-09-26T07:28:37","guid":{"rendered":"http:\/\/digitalcenturysf.com\/themes\/viktor\/wordpress\/?page_id=195"},"modified":"2018-02-03T00:22:35","modified_gmt":"2018-02-03T00:22:35","slug":"servicios-notaria-publica-en-aguascalientes","status":"publish","type":"page","link":"https:\/\/www.notaria56ags.com\/home\/servicios-notaria-publica-en-aguascalientes\/","title":{"rendered":"Servicios"},"content":{"rendered":"<div class=\"wpb-content-wrapper\">[vc_row css=&#8221;.vc_custom_1474875045734{padding-bottom: 30px !important;}&#8221;][vc_column] \n\n      <div class=\"service-area\"> \n\n        \n          \n            <div class=\"col-lg-3 col-md-3 col-sm-3 col-xs-12\">\n\n                <div class=\"single-service\">\n\n                    <div class=\"media\">\n\n                      <div class=\"pull-left\">\n\n                        <a href=\"https:\/\/www.notaria56ags.com\/home\/services\/derecho-mercantil\/\">\n\n                          <span class=\"flaticon-graph\"><\/span>\n\n                        <\/a>\n\n                      <\/div>\n\n                      <div class=\"media-body\">\n\n                        <h4 class=\"media-heading\"><a href=\"https:\/\/www.notaria56ags.com\/home\/services\/derecho-mercantil\/\">Derecho mercantil y Corporativo<\/a><\/h4>\n\n                        <p>&nbsp; Constituci\u00f3n de Sociedades Fusi\u00f3n Escisi\u00f3n Transformaci\u00f3n Liquidaci\u00f3n Protocolizaci\u00f3n de Actas de\u00a0Asamblea y Consejos.<\/p>\n\n                        <div class=\"read-more\">\n\n                            <a href=\"https:\/\/www.notaria56ags.com\/home\/services\/derecho-mercantil\/\">Leer m\u00e1s  <i class=\"fa fa-angle-double-right\" aria-hidden=\"true\"><\/i><\/a>\n\n                        <\/div>\n\n                      <\/div>\n\n                    <\/div>\n\n                <\/div>\n\n            <\/div>\n\n          \n            <div class=\"col-lg-3 col-md-3 col-sm-3 col-xs-12\">\n\n                <div class=\"single-service\">\n\n                    <div class=\"media\">\n\n                      <div class=\"pull-left\">\n\n                        <a href=\"https:\/\/www.notaria56ags.com\/home\/services\/derecho-civil\/\">\n\n                          <span class=\"flaticon-briefcase\"><\/span>\n\n                        <\/a>\n\n                      <\/div>\n\n                      <div class=\"media-body\">\n\n                        <h4 class=\"media-heading\"><a href=\"https:\/\/www.notaria56ags.com\/home\/services\/derecho-civil\/\">Derecho Civil<\/a><\/h4>\n\n                        <p>&nbsp; Testamentos Poderes ( otorgamiento, revocaci\u00f3n, renuncia) Mutuo (simple o con inter\u00e9s) Prenda Sucesiones (testamentarias e intestamentarias)<\/p>\n\n                        <div class=\"read-more\">\n\n                            <a href=\"https:\/\/www.notaria56ags.com\/home\/services\/derecho-civil\/\">Leer m\u00e1s  <i class=\"fa fa-angle-double-right\" aria-hidden=\"true\"><\/i><\/a>\n\n                        <\/div>\n\n                      <\/div>\n\n                    <\/div>\n\n                <\/div>\n\n            <\/div>\n\n          \n            <div class=\"col-lg-3 col-md-3 col-sm-3 col-xs-12\">\n\n                <div class=\"single-service\">\n\n                    <div class=\"media\">\n\n                      <div class=\"pull-left\">\n\n                        <a href=\"https:\/\/www.notaria56ags.com\/home\/services\/derecho-inmobiliario\/\">\n\n                          <span class=\"flaticon-office\"><\/span>\n\n                        <\/a>\n\n                      <\/div>\n\n                      <div class=\"media-body\">\n\n                        <h4 class=\"media-heading\"><a href=\"https:\/\/www.notaria56ags.com\/home\/services\/derecho-inmobiliario\/\">Derecho inmobiliario<\/a><\/h4>\n\n                        <p>Compraventa. Donaci\u00f3n. Permuta. Constituci\u00f3n de Condominio. Aportaci\u00f3n de Sociedades. Adjudicaci\u00f3n por Herencia. Adjudicaci\u00f3n por Remate Judicial. Formalizaci\u00f3n<\/p>\n\n                        <div class=\"read-more\">\n\n                            <a href=\"https:\/\/www.notaria56ags.com\/home\/services\/derecho-inmobiliario\/\">Leer m\u00e1s  <i class=\"fa fa-angle-double-right\" aria-hidden=\"true\"><\/i><\/a>\n\n                        <\/div>\n\n                      <\/div>\n\n                    <\/div>\n\n                <\/div>\n\n            <\/div>\n\n          \n            <div class=\"col-lg-3 col-md-3 col-sm-3 col-xs-12\">\n\n                <div class=\"single-service\">\n\n                    <div class=\"media\">\n\n                      <div class=\"pull-left\">\n\n                        <a href=\"https:\/\/www.notaria56ags.com\/home\/services\/notaria-publica-56\/\">\n\n                          <span class=\"flaticon-finances\"><\/span>\n\n                        <\/a>\n\n                      <\/div>\n\n                      <div class=\"media-body\">\n\n                        <h4 class=\"media-heading\"><a href=\"https:\/\/www.notaria56ags.com\/home\/services\/notaria-publica-56\/\">Otros<\/a><\/h4>\n\n                        <p>Reconocimiento y Puesta de Firmas. Notificaciones. Requerimientos. Interpelaciones. Fe de Hechos. Ratificaciones. Declaraciones. Aspostillamiento. Legalizaciones. Servicios de<\/p>\n\n                        <div class=\"read-more\">\n\n                            <a href=\"https:\/\/www.notaria56ags.com\/home\/services\/notaria-publica-56\/\">Leer m\u00e1s  <i class=\"fa fa-angle-double-right\" aria-hidden=\"true\"><\/i><\/a>\n\n                        <\/div>\n\n                      <\/div>\n\n                    <\/div>\n\n                <\/div>\n\n            <\/div>\n\n          \n \n\n      <\/div> \n\n[\/vc_column][\/vc_row][vc_row full_width=&#8221;stretch_row_content_no_spaces&#8221; css=&#8221;.vc_custom_1474776938335{background-image: url(http:\/\/www.notaria56ags.com\/home\/wp-content\/uploads\/2016\/09\/count.png?id=162) !important;background-position: center !important;background-repeat: no-repeat !important;background-size: cover !important;}&#8221; el_class=&#8221;home-counter-down-area&#8221;][vc_column][vc_row_inner el_class=&#8221;mid-contain&#8221; css=&#8221;.vc_custom_1474776945227{margin-bottom: -30px !important;}&#8221;][vc_column_inner]  \n\n    <div class=\"ab-count\"> \n\n            \n\n            <div class=\"col-md-4\">\n\n                <div class=\"about-counter-list\">\n\n                    <h2 class=\"about-counter\">5000<\/h2>\n\n                    <p>Casos<\/p>\n\n                <\/div>\n\n            <\/div> \n\n              \n\n            <div class=\"col-md-4\">\n\n                <div class=\"about-counter-list\">\n\n                    <h2 class=\"about-counter\">2500<\/h2>\n\n                    <p>Proyectos<\/p>\n\n                <\/div>\n\n            <\/div> \n\n              \n\n            <div class=\"col-md-4\">\n\n                <div class=\"about-counter-list\">\n\n                    <h2 class=\"about-counter\">10,000<\/h2>\n\n                    <p>firmas<\/p>\n\n                <\/div>\n\n            <\/div> \n\n                 \n\n    <\/div> \n\n\n\n[\/vc_column_inner][\/vc_row_inner][vc_empty_space][\/vc_column][\/vc_row][vc_row][vc_column][vc_separator][\/vc_column][\/vc_row][vc_row][vc_column width=&#8221;1\/2&#8243;][vc_tta_accordion style=&#8221;modern&#8221; color=&#8221;mulled-wine&#8221; spacing=&#8221;10&#8243; gap=&#8221;10&#8243; active_section=&#8221;&#8221; no_fill=&#8221;true&#8221; collapsible_all=&#8221;true&#8221;][vc_tta_section title=&#8221;Compraventa&#8221; tab_id=&#8221;1489597206160-02e8978e-d9f7&#8243;][vc_column_text]\n<div class=\"txtEditor\">\n<p><span style=\"color: #993300; font-size: 23px; font-weight: 900;\">Tr\u00e1mites<\/span><\/p>\n<\/div>\n<div class=\"txtEditor\">\n<p>Tr\u00e1mites previos y generalmente requeridos para su escrituraci\u00f3n:<\/p>\n<ul>\n<li>Primer aviso preventivo, y Certificado de Libertad de Grav\u00e1menes<\/li>\n<li>Visita de los valuadores al predio<\/li>\n<li>Aval\u00fao Catastral para determinar el pago de sus impuestos<\/li>\n<li>Uso del Suelo para escriturar<\/li>\n<\/ul>\n<p><span style=\"color: #993300;\"><strong>Tr\u00e1mites posteriores y generalmente realizados para perfeccionar su escrituraci\u00f3n:<\/strong><\/span><\/p>\n<ul>\n<li>Segundo aviso preventivo<\/li>\n<li>Aval\u00fao Catastral para regularizar el Registro Catastral<\/li>\n<li>Entero de los Impuestos de Adquisici\u00f3n de Bienes Inmuebles<\/li>\n<li>Pago de Derechos de Registro<\/li>\n<li>Entero del Impuesto Sobre la Renta, ya sea por enajenaci\u00f3n de bienes o por adquisici\u00f3n de bienes<\/li>\n<li>Inscripci\u00f3n en el Registro P\u00fablico de la Propiedad correspondiente.<\/li>\n<li>Aviso a la Secretar\u00eda de Hacienda y Cr\u00e9dito P\u00fablico (Ley del Lavado de Dinero)<\/li>\n<\/ul>\n<\/div>\n[\/vc_column_text][\/vc_tta_section][vc_tta_section title=&#8221;Poder de Persona Moral&#8221; tab_id=&#8221;1489596541424-33d9b1c8-fc09&#8243;][vc_column_text]\n<h3><span style=\"color: #993300;\">Tr\u00e1mites<\/span><\/h3>\n<div class=\"txtEditor\">\n<p>Es optativo, pero se recomienda que los poderes generales para actos de administraci\u00f3n y de dominio se inscriban en el Registro P\u00fablico del Comercio.<\/p>\n<p>Si su representada es una Asociaci\u00f3n o Sociedad Civil, y el poder es para actos de dominio deber\u00e1 adem\u00e1s inscribirse Registro Nacional de Avisos de Poderes Notariales.<\/p>\n<p>Y si el poder es para actos de administraci\u00f3n o de dominio con el car\u00e1cter de irrevocable, se dar\u00e1 aviso a la Secretar\u00eda de Hacienda y Cr\u00e9dito P\u00fablico<\/p>\n<\/div>\n[\/vc_column_text][\/vc_tta_section][vc_tta_section title=&#8221;Donaci\u00f3n&#8221; tab_id=&#8221;1489596828728-2bb4d0c3-ad6b&#8221;][vc_column_text]\n<h3><span style=\"color: #993300;\">Tr\u00e1mites<\/span><\/h3>\n<div class=\"txtEditor\">\n<ul>\n<li>Aval\u00fao Castastral<\/li>\n<li>Primer Aviso Preventivo<\/li>\n<li>Segundo Aviso Definitivo<\/li>\n<li>Pago del Impuesto de Adquisici\u00f3n de Bienes<\/li>\n<li>Pago de los Derechos de Inscripci\u00f3n<\/li>\n<li>Inscripci\u00f3n del Testimonio de la Escritura ante el Registro P\u00fablico de la Propiedad del Distrito Judicial en donde se ubique el predio objeto de la donaci\u00f3n<\/li>\n<li>Aviso a la Secretaria de Hacienda y Cr\u00e9dito P\u00fablico<\/li>\n<\/ul>\n<\/div>\n[\/vc_column_text][\/vc_tta_section][vc_tta_section title=&#8221;Ratificaci\u00f3n del contenido y firmas de documento&#8221; tab_id=&#8221;1489596966804-06c80e9b-6afe&#8221;][vc_column_text]\n<h3><span style=\"color: #993300;\">Descripci\u00f3n<\/span><\/h3>\n<div class=\"txtEditor\">\n<p>Los contratos privados s\u00ed son l\u00edcitos en su contenido y forma, pueden ser ratificados ante Notario mediante acta notarial, a efecto de dar certeza de quienes lo suscribieron (identidad y capacidad) y cu\u00e1ndo lo hicieron (fecha cierta), adem\u00e1s de incorporarse (protocolizarse) un ejemplar al ap\u00e9ndice del protocolo. que permitir\u00e1 ser conservado, y en caso de ser necesario, consultado y reproducido a solicitud de parte interesada.<\/p>\n<\/div>\n<h3><span style=\"color: #993300;\">Requisitos<\/span><\/h3>\n<div class=\"txtEditor\">\n<p>&nbsp;<\/p>\n<ul>\n<li>Datos personales e identificaci\u00f3n de quienes lo otorgan.\n<ul>\n<li>Nombre completo<\/li>\n<li>Originario<\/li>\n<li>Fecha de Nacimiento.<\/li>\n<li>Ocupaci\u00f3n.<\/li>\n<li>Estado Civil<\/li>\n<li>Domicilio<\/li>\n<\/ul>\n<\/li>\n<li>El Contrato que se ratificar\u00e1.<\/li>\n<li>En el caso de las personas morales<\/li>\n<li>Escritura Constitutiva, en su caso con sus actas notariales que la hayan modificado.<\/li>\n<li>La escritura de Poder<\/li>\n<li>Y datos personales e identificaci\u00f3n del representante legal<\/li>\n<\/ul>\n<p>&nbsp;<\/p>\n<\/div>\n[\/vc_column_text][\/vc_tta_section][\/vc_tta_accordion][\/vc_column][vc_column width=&#8221;1\/2&#8243;][vc_tta_accordion style=&#8221;modern&#8221; color=&#8221;mulled-wine&#8221; spacing=&#8221;10&#8243; gap=&#8221;10&#8243; active_section=&#8221;&#8221; no_fill=&#8221;true&#8221; collapsible_all=&#8221;true&#8221;][vc_tta_section title=&#8221;Poder de Persona F\u00edsica&#8221; tab_id=&#8221;1489597218058-ada5ba1a-1a04&#8243;][vc_column_text]\n<h3><span style=\"color: #993300;\">Tr\u00e1mites<\/span><\/h3>\n<div class=\"txtEditor\">\n<p>Si el poder es para actos de dominio debe inscribirse en el Registro Nacional de Avisos de Poderes Notariales;<\/p>\n<p>Y el poder se otorga para actos de administraci\u00f3n o dominio con car\u00e1cter de irrevocable, se dar\u00e1 aviso a la Secretar\u00eda de Hacienda y Cr\u00e9dito P\u00fablico<\/p>\n<\/div>\n[\/vc_column_text][\/vc_tta_section][vc_tta_section title=&#8221;Cancelaci\u00f3n de Hipoteca&#8221; tab_id=&#8221;1489597218230-4fdd5cd0-92d8&#8243;][vc_column_text]\n<h3><span style=\"color: #993300;\">Tr\u00e1mites<\/span><\/h3>\n<div class=\"txtEditor\">\n<p>Pago de los Derechos de Inscripci\u00f3n ante el Registro<\/p>\n<p>Inscripci\u00f3n en el Registro P\u00fablico de la Propiedad del Distrito Judicial en donde se ubique la garant\u00eda objeto de la cancelaci\u00f3n de la hipoteca<\/p>\n<\/div>\n[\/vc_column_text][\/vc_tta_section][vc_tta_section title=&#8221;Protocolizaci\u00f3n&#8221; tab_id=&#8221;1489597218417-126a0d60-100c&#8221;][vc_column_text]\n<h3><span style=\"color: #993300;\">Tr\u00e1mites<\/span><\/h3>\n<div class=\"txtEditor\">\n<p>Dependiendo del acto jur\u00eddico y acuerdos que contenga el documento que se protocoliza, \u00e9ste puede inscribirse en el Registro P\u00fablico del Comercio, en el Registro de Asociaciones Religiosas, en el Registro de Inversiones Extranjeras, a la Secretar\u00eda de Hacienda y Cr\u00e9dito P\u00fablico<\/p>\n<\/div>\n[\/vc_column_text][\/vc_tta_section][vc_tta_section title=&#8221;Testamento&#8221; tab_id=&#8221;1489597218613-89e12996-bb60&#8243;][vc_column_text]\n<h3><span style=\"color: #993300;\">Tr\u00e1mites<\/span><\/h3>\n<div class=\"txtEditor\">\n<p>Firmado su testamento el suscrito Notario dar\u00e1 aviso al Archivo General de Notar\u00edas y a su vez, al Registro Nacional de Testamentos.<\/p>\n<p>Se aclara que en el aviso s\u00f3lo se informa que usted otorg\u00f3 testamento, pero no su contenido, a efecto de que sus herederos puedan saber de su existencia, ya sea por la via Notarial o Judicial<\/p>\n<\/div>\n[\/vc_column_text][\/vc_tta_section][vc_tta_section title=&#8221;Sociedad An\u00f3nima de Capital Variable&#8221; tab_id=&#8221;1489597218819-fc61f95b-9fd7&#8243;][vc_column_text]\n<h3><span style=\"color: #993300;\">Tr\u00e1mites<\/span><\/h3>\n<div class=\"txtEditor\">\n<ol>\n<li>Permiso de la Secretar\u00eda de Econom\u00eda en relaci\u00f3n al uso de la denominaci\u00f3n.<\/li>\n<li>Alta ante la Secretar\u00eda de Hacienda y Cr\u00e9dito P\u00fablico, por medio del Sistema de Administraci\u00f3n Tributaria (SAT), de la Sociedad y de los accionistas que no se encuentren registrados.<\/li>\n<li>Aviso a la Unidad Especializada en An\u00e1lisis Financiero de la Procuraduria.<\/li>\n<li>Pago de los derechos de Registro.<\/li>\n<li>Inscripci\u00f3n ante el Registro P\u00fablico del Comercio.<\/li>\n<li>Inscripci\u00f3n en su caso, ante el Registro de Inversiones Extranjeras.<\/li>\n<\/ol>\n<\/div>\n[\/vc_column_text][\/vc_tta_section][\/vc_tta_accordion][\/vc_column][\/vc_row][vc_row full_width=&#8221;stretch_row_content_no_spaces&#8221; content_placement=&#8221;top&#8221; parallax=&#8221;content-moving&#8221; parallax_image=&#8221;428&#8243;][vc_column][vc_empty_space][vc_column_text]\n<h2 style=\"text-align: center;\"><span style=\"color: #ffffff;\">Garantizamos la protecci\u00f3n de su patrimonio y aseguramos que todas sus operaciones est\u00e9n debidamente protegidas<\/span><\/h2>\n[\/vc_column_text][vc_empty_space][\/vc_column][\/vc_row]\n<\/div>","protected":false},"excerpt":{"rendered":"<p>[vc_row css=&#8221;.vc_custom_1474875045734{padding-bottom: 30px !important;}&#8221;][vc_column][\/vc_column][\/vc_row][vc_row full_width=&#8221;stretch_row_content_no_spaces&#8221; css=&#8221;.vc_custom_1474776938335{background-image: url(http:\/\/www.notaria56ags.com\/home\/wp-content\/uploads\/2016\/09\/count.png?id=162) !important;background-position: center !important;background-repeat: no-repeat !important;background-size: cover !important;}&#8221; el_class=&#8221;home-counter-down-area&#8221;][vc_column][vc_row_inner el_class=&#8221;mid-contain&#8221; css=&#8221;.vc_custom_1474776945227{margin-bottom: -30px !important;}&#8221;][vc_column_inner][\/vc_column_inner][\/vc_row_inner][vc_empty_space][\/vc_column][\/vc_row][vc_row][vc_column][vc_separator][\/vc_column][\/vc_row][vc_row][vc_column width=&#8221;1\/2&#8243;][vc_tta_accordion style=&#8221;modern&#8221; color=&#8221;mulled-wine&#8221; spacing=&#8221;10&#8243; gap=&#8221;10&#8243; active_section=&#8221;&#8221; no_fill=&#8221;true&#8221; collapsible_all=&#8221;true&#8221;][vc_tta_section title=&#8221;Compraventa&#8221; tab_id=&#8221;1489597206160-02e8978e-d9f7&#8243;][vc_column_text] Tr\u00e1mites Tr\u00e1mites previos y generalmente requeridos para su escrituraci\u00f3n: Primer aviso preventivo, y Certificado de Libertad de Grav\u00e1menes Visita de los valuadores al predio Aval\u00fao Catastral [&hellip;]<\/p>\n","protected":false},"author":1,"featured_media":0,"parent":0,"menu_order":0,"comment_status":"closed","ping_status":"closed","template":"page-shortcode.php","meta":{"jetpack_post_was_ever_published":false,"footnotes":""},"class_list":["post-195","page","type-page","status-publish","hentry"],"yoast_head":"<!-- This site is optimized with the Yoast SEO plugin v24.2 - https:\/\/yoast.com\/wordpress\/plugins\/seo\/ -->\n<title>Notar\u00eda P\u00fablica 56, Lic. Herberto Ortega Jim\u00e9nez - Notar\u00eda p\u00fablica en Aguascalientes<\/title>\n<meta name=\"description\" content=\"Notar\u00eda P\u00fablica 56: Compraventa, poder de persona moral, compraventa, testamento, firmas de documento y m\u00e1s. Tel. 01(449)1531510, Aguascalientes, Mx.\" \/>\n<meta name=\"robots\" content=\"noindex, follow, max-snippet:-1, max-image-preview:large, max-video-preview:-1\" \/>\n<meta property=\"og:locale\" content=\"es_MX\" \/>\n<meta property=\"og:type\" content=\"article\" \/>\n<meta property=\"og:title\" content=\"Notar\u00eda P\u00fablica 56, Lic. Herberto Ortega Jim\u00e9nez - Notar\u00eda p\u00fablica en Aguascalientes\" \/>\n<meta property=\"og:description\" content=\"Notar\u00eda P\u00fablica 56: Compraventa, poder de persona moral, compraventa, testamento, firmas de documento y m\u00e1s. Tel. 01(449)1531510, Aguascalientes, Mx.\" \/>\n<meta property=\"og:url\" content=\"https:\/\/www.notaria56ags.com\/home\/servicios-notaria-publica-en-aguascalientes\/\" \/>\n<meta property=\"og:site_name\" content=\"Notar\u00eda P\u00fablica 56\" \/>\n<meta property=\"article:modified_time\" content=\"2018-02-03T00:22:35+00:00\" \/>\n<meta name=\"twitter:card\" content=\"summary_large_image\" \/>\n<meta name=\"twitter:label1\" content=\"Tiempo de lectura\" \/>\n\t<meta name=\"twitter:data1\" content=\"6 minutos\" \/>\n<script type=\"application\/ld+json\" class=\"yoast-schema-graph\">{\"@context\":\"https:\/\/schema.org\",\"@graph\":[{\"@type\":\"WebPage\",\"@id\":\"https:\/\/www.notaria56ags.com\/home\/servicios-notaria-publica-en-aguascalientes\/\",\"url\":\"https:\/\/www.notaria56ags.com\/home\/servicios-notaria-publica-en-aguascalientes\/\",\"name\":\"Notar\u00eda P\u00fablica 56, Lic. Herberto Ortega Jim\u00e9nez - Notar\u00eda p\u00fablica en Aguascalientes\",\"isPartOf\":{\"@id\":\"https:\/\/www.notaria56ags.com\/home\/#website\"},\"datePublished\":\"2016-09-26T07:28:37+00:00\",\"dateModified\":\"2018-02-03T00:22:35+00:00\",\"description\":\"Notar\u00eda P\u00fablica 56: Compraventa, poder de persona moral, compraventa, testamento, firmas de documento y m\u00e1s. Tel. 01(449)1531510, Aguascalientes, Mx.\",\"breadcrumb\":{\"@id\":\"https:\/\/www.notaria56ags.com\/home\/servicios-notaria-publica-en-aguascalientes\/#breadcrumb\"},\"inLanguage\":\"es\",\"potentialAction\":[{\"@type\":\"ReadAction\",\"target\":[\"https:\/\/www.notaria56ags.com\/home\/servicios-notaria-publica-en-aguascalientes\/\"]}]},{\"@type\":\"BreadcrumbList\",\"@id\":\"https:\/\/www.notaria56ags.com\/home\/servicios-notaria-publica-en-aguascalientes\/#breadcrumb\",\"itemListElement\":[{\"@type\":\"ListItem\",\"position\":1,\"name\":\"Inicio\",\"item\":\"https:\/\/www.notaria56ags.com\/home\/\"},{\"@type\":\"ListItem\",\"position\":2,\"name\":\"Servicios\"}]},{\"@type\":\"WebSite\",\"@id\":\"https:\/\/www.notaria56ags.com\/home\/#website\",\"url\":\"https:\/\/www.notaria56ags.com\/home\/\",\"name\":\"Notar\u00eda P\u00fablica 56\",\"description\":\"Lic. Herberto Ortega Jim\u00e9nez\",\"potentialAction\":[{\"@type\":\"SearchAction\",\"target\":{\"@type\":\"EntryPoint\",\"urlTemplate\":\"https:\/\/www.notaria56ags.com\/home\/?s={search_term_string}\"},\"query-input\":{\"@type\":\"PropertyValueSpecification\",\"valueRequired\":true,\"valueName\":\"search_term_string\"}}],\"inLanguage\":\"es\"}]}<\/script>\n<!-- \/ Yoast SEO plugin. -->","yoast_head_json":{"title":"Notar\u00eda P\u00fablica 56, Lic. Herberto Ortega Jim\u00e9nez - Notar\u00eda p\u00fablica en Aguascalientes","description":"Notar\u00eda P\u00fablica 56: Compraventa, poder de persona moral, compraventa, testamento, firmas de documento y m\u00e1s. Tel. 01(449)1531510, Aguascalientes, Mx.","robots":{"index":"noindex","follow":"follow","max-snippet":"max-snippet:-1","max-image-preview":"max-image-preview:large","max-video-preview":"max-video-preview:-1"},"og_locale":"es_MX","og_type":"article","og_title":"Notar\u00eda P\u00fablica 56, Lic. Herberto Ortega Jim\u00e9nez - Notar\u00eda p\u00fablica en Aguascalientes","og_description":"Notar\u00eda P\u00fablica 56: Compraventa, poder de persona moral, compraventa, testamento, firmas de documento y m\u00e1s. Tel. 01(449)1531510, Aguascalientes, Mx.","og_url":"https:\/\/www.notaria56ags.com\/home\/servicios-notaria-publica-en-aguascalientes\/","og_site_name":"Notar\u00eda P\u00fablica 56","article_modified_time":"2018-02-03T00:22:35+00:00","twitter_card":"summary_large_image","twitter_misc":{"Tiempo de lectura":"6 minutos"},"schema":{"@context":"https:\/\/schema.org","@graph":[{"@type":"WebPage","@id":"https:\/\/www.notaria56ags.com\/home\/servicios-notaria-publica-en-aguascalientes\/","url":"https:\/\/www.notaria56ags.com\/home\/servicios-notaria-publica-en-aguascalientes\/","name":"Notar\u00eda P\u00fablica 56, Lic. Herberto Ortega Jim\u00e9nez - Notar\u00eda p\u00fablica en Aguascalientes","isPartOf":{"@id":"https:\/\/www.notaria56ags.com\/home\/#website"},"datePublished":"2016-09-26T07:28:37+00:00","dateModified":"2018-02-03T00:22:35+00:00","description":"Notar\u00eda P\u00fablica 56: Compraventa, poder de persona moral, compraventa, testamento, firmas de documento y m\u00e1s. Tel. 01(449)1531510, Aguascalientes, Mx.","breadcrumb":{"@id":"https:\/\/www.notaria56ags.com\/home\/servicios-notaria-publica-en-aguascalientes\/#breadcrumb"},"inLanguage":"es","potentialAction":[{"@type":"ReadAction","target":["https:\/\/www.notaria56ags.com\/home\/servicios-notaria-publica-en-aguascalientes\/"]}]},{"@type":"BreadcrumbList","@id":"https:\/\/www.notaria56ags.com\/home\/servicios-notaria-publica-en-aguascalientes\/#breadcrumb","itemListElement":[{"@type":"ListItem","position":1,"name":"Inicio","item":"https:\/\/www.notaria56ags.com\/home\/"},{"@type":"ListItem","position":2,"name":"Servicios"}]},{"@type":"WebSite","@id":"https:\/\/www.notaria56ags.com\/home\/#website","url":"https:\/\/www.notaria56ags.com\/home\/","name":"Notar\u00eda P\u00fablica 56","description":"Lic. Herberto Ortega Jim\u00e9nez","potentialAction":[{"@type":"SearchAction","target":{"@type":"EntryPoint","urlTemplate":"https:\/\/www.notaria56ags.com\/home\/?s={search_term_string}"},"query-input":{"@type":"PropertyValueSpecification","valueRequired":true,"valueName":"search_term_string"}}],"inLanguage":"es"}]}},"jetpack_sharing_enabled":true,"jetpack_shortlink":"https:\/\/wp.me\/P95uhm-39","jetpack-related-posts":[],"_links":{"self":[{"href":"https:\/\/www.notaria56ags.com\/home\/wp-json\/wp\/v2\/pages\/195","targetHints":{"allow":["GET"]}}],"collection":[{"href":"https:\/\/www.notaria56ags.com\/home\/wp-json\/wp\/v2\/pages"}],"about":[{"href":"https:\/\/www.notaria56ags.com\/home\/wp-json\/wp\/v2\/types\/page"}],"author":[{"embeddable":true,"href":"https:\/\/www.notaria56ags.com\/home\/wp-json\/wp\/v2\/users\/1"}],"replies":[{"embeddable":true,"href":"https:\/\/www.notaria56ags.com\/home\/wp-json\/wp\/v2\/comments?post=195"}],"version-history":[{"count":16,"href":"https:\/\/www.notaria56ags.com\/home\/wp-json\/wp\/v2\/pages\/195\/revisions"}],"predecessor-version":[{"id":440,"href":"https:\/\/www.notaria56ags.com\/home\/wp-json\/wp\/v2\/pages\/195\/revisions\/440"}],"wp:attachment":[{"href":"https:\/\/www.notaria56ags.com\/home\/wp-json\/wp\/v2\/media?parent=195"}],"curies":[{"name":"wp","href":"https:\/\/api.w.org\/{rel}","templated":true}]}}