{"id":198,"date":"2016-09-26T13:55:49","date_gmt":"2016-09-26T07:55:49","guid":{"rendered":"http:\/\/digitalcenturysf.com\/themes\/viktor\/wordpress\/?page_id=198"},"modified":"2017-08-18T23:15:27","modified_gmt":"2017-08-18T23:15:27","slug":"nosotros","status":"publish","type":"page","link":"https:\/\/www.notaria56ags.com\/home\/nosotros\/","title":{"rendered":"Nosotros"},"content":{"rendered":"<div class=\"wpb-content-wrapper\">[vc_row css=&#8221;.vc_custom_1474877977697{padding-top: 10px !important;}&#8221;][vc_column] \n\n\n\n      <div class=\"about-page-content\">\n\n          <div class=\"container\">\n\n            \n              <div class=\"row\">\n\n                  <div class=\"col-lg-12 col-md-12 col-sm-12 col-xs-12 text-center\">\n\n                      <div class=\"about-title-area\">\n\n                          <h2  style=\"background:url(https:\/\/www.notaria56ags.com\/home\/wp-content\/uploads\/2016\/09\/notaria_publica_56_gris.jpg) no-repeat\" >Somos una de las Notar\u00edas m\u00e1s sistematizadas<\/h2>\n\n                          <p> ya que contamos con sistemas de informaci\u00f3n y equipo de c\u00f3mputo con tecnolog\u00eda de punta, que nos permite atender sus asuntos con mayor eficiencia y eficacia:<br \/>\n\u2022 Seguimiento y avance preciso y oportuno de todas las etapas de los tr\u00e1mites.<br \/>\n\u2022 Elaboraci\u00f3n autom\u00e1tica de documentos y formatos, evitando errores y retrasos.<br \/>\n\u2022 Control estricto de los recursos.<\/p>\n\n                      <\/div>\n\n                  <\/div>\n\n              <\/div>\n\n            \n              <div class=\"row feature-image\">\n\n                \n                  <div class=\"col-lg-6 col-md-6 col-sm-12 col-xs-12 text-center acurate\">\n\n                      <div class=\"about-featured-image\">\n\n                          <a href=\"#\"><img data-recalc-dims=\"1\" decoding=\"async\" src=\"https:\/\/i0.wp.com\/www.notaria56ags.com\/home\/wp-content\/uploads\/2016\/09\/notaria_publica_56_ideario.jpg?w=640&#038;ssl=1\" alt=\"\"><\/a>\n\n                      <\/div>\n\n                  <\/div>\n\n                \n                \n                  <div class=\"col-lg-6 col-md-6 col-sm-12 col-xs-12 acurate\">\n\n                      <div class=\"about-main-content\">\n\n                          <h4>Notar\u00eda P\u00fablica 56<\/h4>\n\n                          <h3>CALIDAD, OPORTUNIDAD, EFICIENCIA y COSTO RAZONABLE.<\/h3>\n\n                          <p>La calidad en los servicios que ofrecemos es siempre la principal y m\u00e1s importante caracter\u00edstica de la Notaria 56; para lograrlo contamos con la constante capacitaci\u00f3n y actualizaci\u00f3n de todos sus integrantes. Cada opini\u00f3n, asesor\u00eda y encomienda de nuestros clientes es consistente, acertada y profesionalmente atendida.<\/p>\n\n                      <\/div>\n\n                  <\/div>\n\n                \n              <\/div>\n\n          <\/div>\n\n      <\/div>\n\n[\/vc_column][\/vc_row][vc_row el_class=&#8221;about-page-content mid-contain&#8221;][vc_column width=&#8221;1\/3&#8243;][vc_column_text]\n<h2 style=\"text-align: center;\"><strong>Visi\u00f3n<\/strong><\/h2>\n[\/vc_column_text][vc_separator][vc_column_text]\n<div class=\"page\" title=\"Page 1\">\n<div class=\"section\">\n<div class=\"layoutArea\">\n<div class=\"column\">\n<p>Proveer Servicios Notariales y Asesor\u00eda Jur\u00eddica altamente callificada y especializada.<\/p>\n<\/div>\n<\/div>\n<\/div>\n<\/div>\n[\/vc_column_text][\/vc_column][vc_column width=&#8221;1\/3&#8243;][vc_column_text]\n<h2 style=\"text-align: center;\"><strong>Misi\u00f3n<\/strong><\/h2>\n[\/vc_column_text][vc_separator][vc_column_text]\n<div class=\"page\" title=\"Page 1\">\n<div class=\"section\">\n<div class=\"layoutArea\">\n<div class=\"column\">\n<div class=\"page\" title=\"Page 1\">\n<div class=\"section\">\n<div class=\"layoutArea\">\n<div class=\"column\">\n<p>Con nuestra vocaci\u00f3n de servicio a la comunidad, trascender de forma permanente en la prestaci\u00f3n de Servicios Notariales con calidad, eficiencia y \u00e9tica profesional.<\/p>\n<\/div>\n<\/div>\n<\/div>\n<\/div>\n<\/div>\n<\/div>\n<\/div>\n<\/div>\n[\/vc_column_text][\/vc_column][vc_column width=&#8221;1\/3&#8243;][vc_column_text]\n<h2 style=\"text-align: center;\"><strong>Objetivo<\/strong><\/h2>\n[\/vc_column_text][vc_separator][vc_column_text]\n<div class=\"page\" title=\"Page 1\">\n<div class=\"section\">\n<div class=\"layoutArea\">\n<div class=\"column\">\n<div class=\"page\" title=\"Page 1\">\n<div class=\"section\">\n<div class=\"layoutArea\">\n<div class=\"column\">\n<div class=\"page\" title=\"Page 1\">\n<div class=\"section\">\n<div class=\"layoutArea\">\n<div class=\"column\">\n<p>Brindamos una amplia gama de servicios, aplicando consistentemente los valores de honestidad e integridad que rigen la actuaci\u00f3n de colaboradores del Notario.<\/p>\n<\/div>\n<\/div>\n<\/div>\n<\/div>\n<\/div>\n<\/div>\n<\/div>\n<\/div>\n<\/div>\n<\/div>\n<\/div>\n<\/div>\n[\/vc_column_text][\/vc_column][\/vc_row][vc_row][vc_column width=&#8221;1\/2&#8243;][vc_row_inner][vc_column_inner][vc_cta h2=&#8221;Curriculum Actualizado del Lic. Herberto Ortega Jimenez&#8221; add_button=&#8221;bottom&#8221; btn_title=&#8221;Descargar PDF&#8221; btn_color=&#8221;mulled-wine&#8221; btn_size=&#8221;lg&#8221; btn_i_icon_fontawesome=&#8221;fa fa-folder-o&#8221; btn_add_icon=&#8221;true&#8221; btn_link=&#8221;url:http%3A%2F%2Fwww.notaria56ags.com%2FCURRICULUM_NOTARIO.pdf||target:%20_blank|&#8221;][\/vc_cta][\/vc_column_inner][\/vc_row_inner][\/vc_column][vc_column width=&#8221;1\/2&#8243;][vc_cta h2=&#8221;Curriculum Actualizado de la Notaria P\u00fablica No. 56&#8243; add_button=&#8221;bottom&#8221; btn_title=&#8221;Descargar PDF&#8221; btn_color=&#8221;mulled-wine&#8221; btn_size=&#8221;lg&#8221; btn_i_icon_fontawesome=&#8221;fa fa-folder-o&#8221; btn_add_icon=&#8221;true&#8221; btn_link=&#8221;url:http%3A%2F%2Fwww.notaria56ags.com%2FCURRICULUM_NOTARIO.pdf||target:%20_blank|&#8221;][\/vc_cta][\/vc_column][\/vc_row]\n<\/div>","protected":false},"excerpt":{"rendered":"<p>[vc_row css=&#8221;.vc_custom_1474877977697{padding-top: 10px !important;}&#8221;][vc_column][\/vc_column][\/vc_row][vc_row el_class=&#8221;about-page-content mid-contain&#8221;][vc_column width=&#8221;1\/3&#8243;][vc_column_text] Visi\u00f3n [\/vc_column_text][vc_separator][vc_column_text] Proveer Servicios Notariales y Asesor\u00eda Jur\u00eddica altamente callificada y especializada. [\/vc_column_text][\/vc_column][vc_column width=&#8221;1\/3&#8243;][vc_column_text] Misi\u00f3n [\/vc_column_text][vc_separator][vc_column_text] Con nuestra vocaci\u00f3n de servicio a la comunidad, trascender de forma permanente en la prestaci\u00f3n de Servicios Notariales con calidad, eficiencia y \u00e9tica profesional. [\/vc_column_text][\/vc_column][vc_column width=&#8221;1\/3&#8243;][vc_column_text] Objetivo [\/vc_column_text][vc_separator][vc_column_text] Brindamos una amplia gama [&hellip;]<\/p>\n","protected":false},"author":1,"featured_media":0,"parent":0,"menu_order":0,"comment_status":"closed","ping_status":"closed","template":"page-shortcode.php","meta":{"jetpack_post_was_ever_published":false,"footnotes":""},"class_list":["post-198","page","type-page","status-publish","hentry"],"yoast_head":"<!-- This site is optimized with the Yoast SEO plugin v24.2 - https:\/\/yoast.com\/wordpress\/plugins\/seo\/ -->\n<title>Notar\u00eda P\u00fablica 56, Lic. Herberto Ortega Jim\u00e9nez - Nosotros<\/title>\n<meta name=\"description\" content=\"Notar\u00eda P\u00fablica 56, Derecho inmobiliario: Compraventa, donaci\u00f3n, permuta, herencia, fideicomisos, hipotecas y m\u00e1s. Tel. 01(449)1531510, Aguascalientes, Mx.\" \/>\n<meta name=\"robots\" content=\"noindex, follow, max-snippet:-1, max-image-preview:large, max-video-preview:-1\" \/>\n<meta property=\"og:locale\" content=\"es_MX\" \/>\n<meta property=\"og:type\" content=\"article\" \/>\n<meta property=\"og:title\" content=\"Notar\u00eda P\u00fablica 56, Lic. Herberto Ortega Jim\u00e9nez - Nosotros\" \/>\n<meta property=\"og:description\" content=\"Notar\u00eda P\u00fablica 56, Derecho inmobiliario: Compraventa, donaci\u00f3n, permuta, herencia, fideicomisos, hipotecas y m\u00e1s. Tel. 01(449)1531510, Aguascalientes, Mx.\" \/>\n<meta property=\"og:url\" content=\"https:\/\/www.notaria56ags.com\/home\/nosotros\/\" \/>\n<meta property=\"og:site_name\" content=\"Notar\u00eda P\u00fablica 56\" \/>\n<meta property=\"article:modified_time\" content=\"2017-08-18T23:15:27+00:00\" \/>\n<meta name=\"twitter:card\" content=\"summary_large_image\" \/>\n<meta name=\"twitter:label1\" content=\"Tiempo de lectura\" \/>\n\t<meta name=\"twitter:data1\" content=\"2 minutos\" \/>\n<script type=\"application\/ld+json\" class=\"yoast-schema-graph\">{\"@context\":\"https:\/\/schema.org\",\"@graph\":[{\"@type\":\"WebPage\",\"@id\":\"https:\/\/www.notaria56ags.com\/home\/nosotros\/\",\"url\":\"https:\/\/www.notaria56ags.com\/home\/nosotros\/\",\"name\":\"Notar\u00eda P\u00fablica 56, Lic. Herberto Ortega Jim\u00e9nez - Nosotros\",\"isPartOf\":{\"@id\":\"https:\/\/www.notaria56ags.com\/home\/#website\"},\"datePublished\":\"2016-09-26T07:55:49+00:00\",\"dateModified\":\"2017-08-18T23:15:27+00:00\",\"description\":\"Notar\u00eda P\u00fablica 56, Derecho inmobiliario: Compraventa, donaci\u00f3n, permuta, herencia, fideicomisos, hipotecas y m\u00e1s. Tel. 01(449)1531510, Aguascalientes, Mx.\",\"breadcrumb\":{\"@id\":\"https:\/\/www.notaria56ags.com\/home\/nosotros\/#breadcrumb\"},\"inLanguage\":\"es\",\"potentialAction\":[{\"@type\":\"ReadAction\",\"target\":[\"https:\/\/www.notaria56ags.com\/home\/nosotros\/\"]}]},{\"@type\":\"BreadcrumbList\",\"@id\":\"https:\/\/www.notaria56ags.com\/home\/nosotros\/#breadcrumb\",\"itemListElement\":[{\"@type\":\"ListItem\",\"position\":1,\"name\":\"Inicio\",\"item\":\"https:\/\/www.notaria56ags.com\/home\/\"},{\"@type\":\"ListItem\",\"position\":2,\"name\":\"Nosotros\"}]},{\"@type\":\"WebSite\",\"@id\":\"https:\/\/www.notaria56ags.com\/home\/#website\",\"url\":\"https:\/\/www.notaria56ags.com\/home\/\",\"name\":\"Notar\u00eda P\u00fablica 56\",\"description\":\"Lic. Herberto Ortega Jim\u00e9nez\",\"potentialAction\":[{\"@type\":\"SearchAction\",\"target\":{\"@type\":\"EntryPoint\",\"urlTemplate\":\"https:\/\/www.notaria56ags.com\/home\/?s={search_term_string}\"},\"query-input\":{\"@type\":\"PropertyValueSpecification\",\"valueRequired\":true,\"valueName\":\"search_term_string\"}}],\"inLanguage\":\"es\"}]}<\/script>\n<!-- \/ Yoast SEO plugin. -->","yoast_head_json":{"title":"Notar\u00eda P\u00fablica 56, Lic. Herberto Ortega Jim\u00e9nez - Nosotros","description":"Notar\u00eda P\u00fablica 56, Derecho inmobiliario: Compraventa, donaci\u00f3n, permuta, herencia, fideicomisos, hipotecas y m\u00e1s. Tel. 01(449)1531510, Aguascalientes, Mx.","robots":{"index":"noindex","follow":"follow","max-snippet":"max-snippet:-1","max-image-preview":"max-image-preview:large","max-video-preview":"max-video-preview:-1"},"og_locale":"es_MX","og_type":"article","og_title":"Notar\u00eda P\u00fablica 56, Lic. Herberto Ortega Jim\u00e9nez - Nosotros","og_description":"Notar\u00eda P\u00fablica 56, Derecho inmobiliario: Compraventa, donaci\u00f3n, permuta, herencia, fideicomisos, hipotecas y m\u00e1s. Tel. 01(449)1531510, Aguascalientes, Mx.","og_url":"https:\/\/www.notaria56ags.com\/home\/nosotros\/","og_site_name":"Notar\u00eda P\u00fablica 56","article_modified_time":"2017-08-18T23:15:27+00:00","twitter_card":"summary_large_image","twitter_misc":{"Tiempo de lectura":"2 minutos"},"schema":{"@context":"https:\/\/schema.org","@graph":[{"@type":"WebPage","@id":"https:\/\/www.notaria56ags.com\/home\/nosotros\/","url":"https:\/\/www.notaria56ags.com\/home\/nosotros\/","name":"Notar\u00eda P\u00fablica 56, Lic. Herberto Ortega Jim\u00e9nez - Nosotros","isPartOf":{"@id":"https:\/\/www.notaria56ags.com\/home\/#website"},"datePublished":"2016-09-26T07:55:49+00:00","dateModified":"2017-08-18T23:15:27+00:00","description":"Notar\u00eda P\u00fablica 56, Derecho inmobiliario: Compraventa, donaci\u00f3n, permuta, herencia, fideicomisos, hipotecas y m\u00e1s. Tel. 01(449)1531510, Aguascalientes, Mx.","breadcrumb":{"@id":"https:\/\/www.notaria56ags.com\/home\/nosotros\/#breadcrumb"},"inLanguage":"es","potentialAction":[{"@type":"ReadAction","target":["https:\/\/www.notaria56ags.com\/home\/nosotros\/"]}]},{"@type":"BreadcrumbList","@id":"https:\/\/www.notaria56ags.com\/home\/nosotros\/#breadcrumb","itemListElement":[{"@type":"ListItem","position":1,"name":"Inicio","item":"https:\/\/www.notaria56ags.com\/home\/"},{"@type":"ListItem","position":2,"name":"Nosotros"}]},{"@type":"WebSite","@id":"https:\/\/www.notaria56ags.com\/home\/#website","url":"https:\/\/www.notaria56ags.com\/home\/","name":"Notar\u00eda P\u00fablica 56","description":"Lic. Herberto Ortega Jim\u00e9nez","potentialAction":[{"@type":"SearchAction","target":{"@type":"EntryPoint","urlTemplate":"https:\/\/www.notaria56ags.com\/home\/?s={search_term_string}"},"query-input":{"@type":"PropertyValueSpecification","valueRequired":true,"valueName":"search_term_string"}}],"inLanguage":"es"}]}},"jetpack_sharing_enabled":true,"jetpack_shortlink":"https:\/\/wp.me\/P95uhm-3c","jetpack-related-posts":[],"_links":{"self":[{"href":"https:\/\/www.notaria56ags.com\/home\/wp-json\/wp\/v2\/pages\/198","targetHints":{"allow":["GET"]}}],"collection":[{"href":"https:\/\/www.notaria56ags.com\/home\/wp-json\/wp\/v2\/pages"}],"about":[{"href":"https:\/\/www.notaria56ags.com\/home\/wp-json\/wp\/v2\/types\/page"}],"author":[{"embeddable":true,"href":"https:\/\/www.notaria56ags.com\/home\/wp-json\/wp\/v2\/users\/1"}],"replies":[{"embeddable":true,"href":"https:\/\/www.notaria56ags.com\/home\/wp-json\/wp\/v2\/comments?post=198"}],"version-history":[{"count":8,"href":"https:\/\/www.notaria56ags.com\/home\/wp-json\/wp\/v2\/pages\/198\/revisions"}],"predecessor-version":[{"id":516,"href":"https:\/\/www.notaria56ags.com\/home\/wp-json\/wp\/v2\/pages\/198\/revisions\/516"}],"wp:attachment":[{"href":"https:\/\/www.notaria56ags.com\/home\/wp-json\/wp\/v2\/media?parent=198"}],"curies":[{"name":"wp","href":"https:\/\/api.w.org\/{rel}","templated":true}]}}