{"id":335,"date":"2016-09-05T03:47:01","date_gmt":"2016-09-05T03:47:01","guid":{"rendered":"http:\/\/digitalcenturysf.com\/themes\/viktor\/wordpress\/?page_id=2"},"modified":"2017-03-28T02:34:13","modified_gmt":"2017-03-28T02:34:13","slug":"contacto","status":"publish","type":"page","link":"https:\/\/www.notaria56ags.com\/home\/contacto\/","title":{"rendered":"Contacto"},"content":{"rendered":"<div class=\"wpb-content-wrapper\">[vc_row css=&#8221;.vc_custom_1475040479447{padding-top: 50px !important;}&#8221;][vc_column] \n\n\n\n  <div class=\"contact col-lg-12 col-md-12 col-sm-12 col-xs-12\">\n\n    <div class=\"contact-us-page\">\n\n        <h2>Notar\u00eda P\u00fablica 56<\/h2>\n\n        <p>La calidad en los servicios que ofrecemos es siempre la principal y m\u00e1s importante caracter\u00edstica de la Notaria 56; para lograrlo contamos con la constante capacitaci\u00f3n y actualizaci\u00f3n de todos sus integrantes. Cada opini\u00f3n, asesor\u00eda y encomienda de nuestros clientes es consistente, acertada y profesionalmente atendida.<\/p>\n\n    <\/div>\n\n  <\/div>\n\n\n\n[\/vc_column][\/vc_row][vc_row el_class=&#8221;contact mid-contain&#8221;][vc_column width=&#8221;1\/2&#8243;] \n\n \n\n     <div class=\"contact-box\">\n\n         <div class=\"single-contact-box\">\n\n             <p><i class=\"fa fa-map-marker\" aria-hidden=\"true\"><\/i> Montes Himalaya no. 134-A, Fracc. Los Bosques C.P: 20120<br \/>\nAguascalientes, Ags. M\u00e9xico<\/p>\n\n         <\/div>\n\n     <\/div> \n\n\n\n[vc_empty_space height=&#8221;15px&#8221;] \n\n \n\n     <div class=\"contact-box\">\n\n         <div class=\"single-contact-box\">\n\n             <p><i class=\"fa fa-envelope-o\" aria-hidden=\"true\"><\/i>contacto@notaria56ags.com<br \/>\nnotaria56ags@gmail.com<\/p>\n\n         <\/div>\n\n     <\/div> \n\n\n\n[\/vc_column][vc_column width=&#8221;1\/2&#8243;] \n\n \n\n     <div class=\"contact-box\">\n\n         <div class=\"single-contact-box\">\n\n             <p><i class=\"fa fa-phone\" aria-hidden=\"true\"><\/i>Tel. 01 (449) 251 72 47<\/p>\n\n         <\/div>\n\n     <\/div> \n\n\n\n \n\n \n\n     <div class=\"contact-box\">\n\n         <div class=\"single-contact-box\">\n\n             <p><i class=\"fa fa-phone\" aria-hidden=\"true\"><\/i>Tel. 01 (449) 912 10 56<\/p>\n\n         <\/div>\n\n     <\/div> \n\n\n\n \n\n \n\n     <div class=\"contact-box\">\n\n         <div class=\"single-contact-box\">\n\n             <p><i class=\"fa fa-phone\" aria-hidden=\"true\"><\/i>Tel.01 (449) 153 1510<\/p>\n\n         <\/div>\n\n     <\/div> \n\n\n\n[\/vc_column][\/vc_row][vc_row el_class=&#8221;contact mid-contain&#8221; css=&#8221;.vc_custom_1475041051732{padding-bottom: 20px !important;}&#8221;][vc_column width=&#8221;1\/2&#8243;] \n\n   <div class=\"row\">\n\n  <div class=\"col-lg-9 col-md-9 col-sm-12 col-xs-12\">\n\n  <div class=\"leave-comments-area\">\n\n    <h4>Tus comentarios son importantes, comun\u00edcate con nosotros<\/h4>\n\n  \n\n   <div class=\"row\">\n\n    \n<div class=\"wpcf7 no-js\" id=\"wpcf7-f270-o1\" lang=\"en-US\" dir=\"ltr\">\n<div class=\"screen-reader-response\"><p role=\"status\" aria-live=\"polite\" aria-atomic=\"true\"><\/p> <ul><\/ul><\/div>\n<form action=\"\/home\/wp-json\/wp\/v2\/pages\/335#wpcf7-f270-o1\" method=\"post\" class=\"wpcf7-form init\" aria-label=\"Contact form\" novalidate=\"novalidate\" data-status=\"init\">\n<div style=\"display: none;\">\n<input type=\"hidden\" name=\"_wpcf7\" value=\"270\" \/>\n<input type=\"hidden\" name=\"_wpcf7_version\" value=\"5.9.5\" \/>\n<input type=\"hidden\" name=\"_wpcf7_locale\" value=\"en_US\" \/>\n<input type=\"hidden\" name=\"_wpcf7_unit_tag\" value=\"wpcf7-f270-o1\" \/>\n<input type=\"hidden\" name=\"_wpcf7_container_post\" value=\"0\" \/>\n<input type=\"hidden\" name=\"_wpcf7_posted_data_hash\" value=\"\" \/>\n<\/div>\n<fieldset>\n\t<div class=\"col-sm-6\">\n\t\t<div class=\"form-group\">\n\t\t\t<p><span class=\"wpcf7-form-control-wrap\" data-name=\"name\"><input size=\"40\" class=\"wpcf7-form-control wpcf7-text wpcf7-validates-as-required form-control\" aria-required=\"true\" aria-invalid=\"false\" placeholder=\"Nombre completo*\" value=\"\" type=\"text\" name=\"name\" \/><\/span>\n\t\t\t<\/p>\n\t\t<\/div>\n\t<\/div>\n\t<div class=\"col-sm-6\">\n\t\t<div class=\"form-group\">\n\t\t\t<p><span class=\"wpcf7-form-control-wrap\" data-name=\"email\"><input size=\"40\" class=\"wpcf7-form-control wpcf7-email wpcf7-validates-as-required wpcf7-text wpcf7-validates-as-email form-control\" aria-required=\"true\" aria-invalid=\"false\" placeholder=\"Email*\" value=\"\" type=\"email\" name=\"email\" \/><\/span>\n\t\t\t<\/p>\n\t\t<\/div>\n\t<\/div>\n\t<div class=\"col-sm-12\">\n\t\t<div class=\"form-group\">\n\t\t\t<p><span class=\"wpcf7-form-control-wrap\" data-name=\"message\"><textarea cols=\"40\" rows=\"10\" class=\"wpcf7-form-control wpcf7-textarea wpcf7-validates-as-required textarea form-control\" aria-required=\"true\" aria-invalid=\"false\" placeholder=\"Su mensaje\" name=\"message\"><\/textarea><\/span>\n\t\t\t<\/p>\n\t\t<\/div>\n\t<\/div>\n\t<div class=\"col-sm-12\">\n\t\t<div class=\"form-group\">\n\t\t\t<p><input class=\"wpcf7-form-control wpcf7-submit has-spinner btn-send\" type=\"submit\" value=\"Enviar mensaje\" \/>\n\t\t\t<\/p>\n\t\t<\/div>\n\t<\/div>\n<\/fieldset><div class=\"wpcf7-response-output\" aria-hidden=\"true\"><\/div>\n<\/form>\n<\/div>\n\n   <\/div>\n\n   <\/div>\n\n   \n\n  <\/div>\n\n  <\/div>\n\n\n\n[\/vc_column][vc_column width=&#8221;1\/2&#8243;][vc_gmaps link=&#8221;#E-8_JTNDaWZyYW1lJTIwc3JjJTNEJTIyaHR0cHMlM0ElMkYlMkZ3d3cuZ29vZ2xlLmNvbSUyRm1hcHMlMkZlbWJlZCUzRnBiJTNEJTIxMW0xOCUyMTFtMTIlMjExbTMlMjExZDM3MDEuMzIwODE3MjY4MjYxNiUyMTJkLTEwMi4zMTU1OTQ4ODQ2NzM5JTIxM2QyMS45MjIyMTQ3ODU1MjEyOTglMjEybTMlMjExZjAlMjEyZjAlMjEzZjAlMjEzbTIlMjExaTEwMjQlMjEyaTc2OCUyMTRmMTMuMSUyMTNtMyUyMTFtMiUyMTFzMHg4NDI5ZWYxYjVkOTA3ZDBiJTI1M0EweGJjOGVmNTc1MWE0MWFlM2MlMjEyelRtOTBZWExEcldFZ1VNTzZZbXhwWTJFZ05UWSUyMTVlMCUyMTNtMiUyMTFzZXMtNDE5JTIxMnNteCUyMTR2MTQ4OTYwNjMzNTQ0NiUyMiUyMHdpZHRoJTNEJTIyNjAwJTIyJTIwaGVpZ2h0JTNEJTIyNDUwJTIyJTIwZnJhbWVib3JkZXIlM0QlMjIwJTIyJTIwc3R5bGUlM0QlMjJib3JkZXIlM0EwJTIyJTIwYWxsb3dmdWxsc2NyZWVuJTNFJTNDJTJGaWZyYW1lJTNF&#8221;][vc_btn title=&#8221;Indicaciones para llegar&#8221; size=&#8221;lg&#8221; i_icon_fontawesome=&#8221;fa fa-map-o&#8221; add_icon=&#8221;true&#8221; link=&#8221;url:https%3A%2F%2Fwww.google.com.mx%2Fmaps%2Fdir%2F%2FNotar%25C3%25ADa%2BP%25C3%25BAblica%2B56%2C%2BMontes%2BHimalaya%2B102%2C%2BLos%2BBosques%2C%2B20119%2BAguascalientes%2C%2BAgs.%2F%4021.9222148%2C-102.3155949%2C17z%2Fdata%3D!4m15!1m6!3m5!1s0x8429ef1b5d907d0b%3A0xbc8ef5751a41ae3c!2zTm90YXLDrWEgUMO6YmxpY2EgNTY!8m2!3d21.9222148!4d-102.3134062!4m7!1m0!1m5!1m1!1s0x8429ef1b5d907d0b%3A0xbc8ef5751a41ae3c!2m2!1d-102.3134062!2d21.9222148%3Fhl%3Des-419|title:en%20Google%20Maps|target:%20_blank|&#8221;][\/vc_column][\/vc_row]\n<\/div>","protected":false},"excerpt":{"rendered":"<p>[vc_row css=&#8221;.vc_custom_1475040479447{padding-top: 50px !important;}&#8221;][vc_column][\/vc_column][\/vc_row][vc_row el_class=&#8221;contact mid-contain&#8221;][vc_column width=&#8221;1\/2&#8243;][vc_empty_space height=&#8221;15px&#8221;][\/vc_column][vc_column width=&#8221;1\/2&#8243;][\/vc_column][\/vc_row][vc_row el_class=&#8221;contact mid-contain&#8221; css=&#8221;.vc_custom_1475041051732{padding-bottom: 20px !important;}&#8221;][vc_column width=&#8221;1\/2&#8243;][\/vc_column][vc_column width=&#8221;1\/2&#8243;][vc_gmaps link=&#8221;#E-8_JTNDaWZyYW1lJTIwc3JjJTNEJTIyaHR0cHMlM0ElMkYlMkZ3d3cuZ29vZ2xlLmNvbSUyRm1hcHMlMkZlbWJlZCUzRnBiJTNEJTIxMW0xOCUyMTFtMTIlMjExbTMlMjExZDM3MDEuMzIwODE3MjY4MjYxNiUyMTJkLTEwMi4zMTU1OTQ4ODQ2NzM5JTIxM2QyMS45MjIyMTQ3ODU1MjEyOTglMjEybTMlMjExZjAlMjEyZjAlMjEzZjAlMjEzbTIlMjExaTEwMjQlMjEyaTc2OCUyMTRmMTMuMSUyMTNtMyUyMTFtMiUyMTFzMHg4NDI5ZWYxYjVkOTA3ZDBiJTI1M0EweGJjOGVmNTc1MWE0MWFlM2MlMjEyelRtOTBZWExEcldFZ1VNTzZZbXhwWTJFZ05UWSUyMTVlMCUyMTNtMiUyMTFzZXMtNDE5JTIxMnNteCUyMTR2MTQ4OTYwNjMzNTQ0NiUyMiUyMHdpZHRoJTNEJTIyNjAwJTIyJTIwaGVpZ2h0JTNEJTIyNDUwJTIyJTIwZnJhbWVib3JkZXIlM0QlMjIwJTIyJTIwc3R5bGUlM0QlMjJib3JkZXIlM0EwJTIyJTIwYWxsb3dmdWxsc2NyZWVuJTNFJTNDJTJGaWZyYW1lJTNF&#8221;][vc_btn title=&#8221;Indicaciones para llegar&#8221; size=&#8221;lg&#8221; i_icon_fontawesome=&#8221;fa fa-map-o&#8221; add_icon=&#8221;true&#8221; link=&#8221;url:https%3A%2F%2Fwww.google.com.mx%2Fmaps%2Fdir%2F%2FNotar%25C3%25ADa%2BP%25C3%25BAblica%2B56%2C%2BMontes%2BHimalaya%2B102%2C%2BLos%2BBosques%2C%2B20119%2BAguascalientes%2C%2BAgs.%2F%4021.9222148%2C-102.3155949%2C17z%2Fdata%3D!4m15!1m6!3m5!1s0x8429ef1b5d907d0b%3A0xbc8ef5751a41ae3c!2zTm90YXLDrWEgUMO6YmxpY2EgNTY!8m2!3d21.9222148!4d-102.3134062!4m7!1m0!1m5!1m1!1s0x8429ef1b5d907d0b%3A0xbc8ef5751a41ae3c!2m2!1d-102.3134062!2d21.9222148%3Fhl%3Des-419|title:en%20Google%20Maps|target:%20_blank|&#8221;][\/vc_column][\/vc_row]<\/p>\n","protected":false},"author":1,"featured_media":0,"parent":0,"menu_order":0,"comment_status":"closed","ping_status":"open","template":"page-shortcode.php","meta":{"jetpack_post_was_ever_published":false,"footnotes":""},"class_list":["post-335","page","type-page","status-publish","hentry"],"yoast_head":"<!-- This site is optimized with the Yoast SEO plugin v24.2 - https:\/\/yoast.com\/wordpress\/plugins\/seo\/ -->\n<title>Notar\u00eda P\u00fablica 56, Lic. Herberto Ortega Jim\u00e9nez - Notario P\u00fablico en Aguascalientes<\/title>\n<meta name=\"description\" content=\"Notar\u00eda P\u00fablica 56, Derecho inmobiliario: Compraventa, donaci\u00f3n, permuta, herencia, fideicomisos, hipotecas y m\u00e1s. Tel. 01(449)1531510, Aguascalientes, Mx.\" \/>\n<meta name=\"robots\" content=\"noindex, follow, max-snippet:-1, max-image-preview:large, max-video-preview:-1\" \/>\n<meta property=\"og:locale\" content=\"es_MX\" \/>\n<meta property=\"og:type\" content=\"article\" \/>\n<meta property=\"og:title\" content=\"Notar\u00eda P\u00fablica 56, Lic. Herberto Ortega Jim\u00e9nez - Notario P\u00fablico en Aguascalientes\" \/>\n<meta property=\"og:description\" content=\"Notar\u00eda P\u00fablica 56, Derecho inmobiliario: Compraventa, donaci\u00f3n, permuta, herencia, fideicomisos, hipotecas y m\u00e1s. Tel. 01(449)1531510, Aguascalientes, Mx.\" \/>\n<meta property=\"og:url\" content=\"https:\/\/www.notaria56ags.com\/home\/contacto\/\" \/>\n<meta property=\"og:site_name\" content=\"Notar\u00eda P\u00fablica 56\" \/>\n<meta property=\"article:modified_time\" content=\"2017-03-28T02:34:13+00:00\" \/>\n<meta name=\"twitter:card\" content=\"summary_large_image\" \/>\n<meta name=\"twitter:label1\" content=\"Tiempo de lectura\" \/>\n\t<meta name=\"twitter:data1\" content=\"2 minutos\" \/>\n<script type=\"application\/ld+json\" class=\"yoast-schema-graph\">{\"@context\":\"https:\/\/schema.org\",\"@graph\":[{\"@type\":\"WebPage\",\"@id\":\"https:\/\/www.notaria56ags.com\/home\/contacto\/\",\"url\":\"https:\/\/www.notaria56ags.com\/home\/contacto\/\",\"name\":\"Notar\u00eda P\u00fablica 56, Lic. Herberto Ortega Jim\u00e9nez - Notario P\u00fablico en Aguascalientes\",\"isPartOf\":{\"@id\":\"https:\/\/www.notaria56ags.com\/home\/#website\"},\"datePublished\":\"2016-09-05T03:47:01+00:00\",\"dateModified\":\"2017-03-28T02:34:13+00:00\",\"description\":\"Notar\u00eda P\u00fablica 56, Derecho inmobiliario: Compraventa, donaci\u00f3n, permuta, herencia, fideicomisos, hipotecas y m\u00e1s. Tel. 01(449)1531510, Aguascalientes, Mx.\",\"breadcrumb\":{\"@id\":\"https:\/\/www.notaria56ags.com\/home\/contacto\/#breadcrumb\"},\"inLanguage\":\"es\",\"potentialAction\":[{\"@type\":\"ReadAction\",\"target\":[\"https:\/\/www.notaria56ags.com\/home\/contacto\/\"]}]},{\"@type\":\"BreadcrumbList\",\"@id\":\"https:\/\/www.notaria56ags.com\/home\/contacto\/#breadcrumb\",\"itemListElement\":[{\"@type\":\"ListItem\",\"position\":1,\"name\":\"Inicio\",\"item\":\"https:\/\/www.notaria56ags.com\/home\/\"},{\"@type\":\"ListItem\",\"position\":2,\"name\":\"Contacto\"}]},{\"@type\":\"WebSite\",\"@id\":\"https:\/\/www.notaria56ags.com\/home\/#website\",\"url\":\"https:\/\/www.notaria56ags.com\/home\/\",\"name\":\"Notar\u00eda P\u00fablica 56\",\"description\":\"Lic. Herberto Ortega Jim\u00e9nez\",\"potentialAction\":[{\"@type\":\"SearchAction\",\"target\":{\"@type\":\"EntryPoint\",\"urlTemplate\":\"https:\/\/www.notaria56ags.com\/home\/?s={search_term_string}\"},\"query-input\":{\"@type\":\"PropertyValueSpecification\",\"valueRequired\":true,\"valueName\":\"search_term_string\"}}],\"inLanguage\":\"es\"}]}<\/script>\n<!-- \/ Yoast SEO plugin. -->","yoast_head_json":{"title":"Notar\u00eda P\u00fablica 56, Lic. Herberto Ortega Jim\u00e9nez - Notario P\u00fablico en Aguascalientes","description":"Notar\u00eda P\u00fablica 56, Derecho inmobiliario: Compraventa, donaci\u00f3n, permuta, herencia, fideicomisos, hipotecas y m\u00e1s. Tel. 01(449)1531510, Aguascalientes, Mx.","robots":{"index":"noindex","follow":"follow","max-snippet":"max-snippet:-1","max-image-preview":"max-image-preview:large","max-video-preview":"max-video-preview:-1"},"og_locale":"es_MX","og_type":"article","og_title":"Notar\u00eda P\u00fablica 56, Lic. Herberto Ortega Jim\u00e9nez - Notario P\u00fablico en Aguascalientes","og_description":"Notar\u00eda P\u00fablica 56, Derecho inmobiliario: Compraventa, donaci\u00f3n, permuta, herencia, fideicomisos, hipotecas y m\u00e1s. Tel. 01(449)1531510, Aguascalientes, Mx.","og_url":"https:\/\/www.notaria56ags.com\/home\/contacto\/","og_site_name":"Notar\u00eda P\u00fablica 56","article_modified_time":"2017-03-28T02:34:13+00:00","twitter_card":"summary_large_image","twitter_misc":{"Tiempo de lectura":"2 minutos"},"schema":{"@context":"https:\/\/schema.org","@graph":[{"@type":"WebPage","@id":"https:\/\/www.notaria56ags.com\/home\/contacto\/","url":"https:\/\/www.notaria56ags.com\/home\/contacto\/","name":"Notar\u00eda P\u00fablica 56, Lic. Herberto Ortega Jim\u00e9nez - Notario P\u00fablico en Aguascalientes","isPartOf":{"@id":"https:\/\/www.notaria56ags.com\/home\/#website"},"datePublished":"2016-09-05T03:47:01+00:00","dateModified":"2017-03-28T02:34:13+00:00","description":"Notar\u00eda P\u00fablica 56, Derecho inmobiliario: Compraventa, donaci\u00f3n, permuta, herencia, fideicomisos, hipotecas y m\u00e1s. Tel. 01(449)1531510, Aguascalientes, Mx.","breadcrumb":{"@id":"https:\/\/www.notaria56ags.com\/home\/contacto\/#breadcrumb"},"inLanguage":"es","potentialAction":[{"@type":"ReadAction","target":["https:\/\/www.notaria56ags.com\/home\/contacto\/"]}]},{"@type":"BreadcrumbList","@id":"https:\/\/www.notaria56ags.com\/home\/contacto\/#breadcrumb","itemListElement":[{"@type":"ListItem","position":1,"name":"Inicio","item":"https:\/\/www.notaria56ags.com\/home\/"},{"@type":"ListItem","position":2,"name":"Contacto"}]},{"@type":"WebSite","@id":"https:\/\/www.notaria56ags.com\/home\/#website","url":"https:\/\/www.notaria56ags.com\/home\/","name":"Notar\u00eda P\u00fablica 56","description":"Lic. Herberto Ortega Jim\u00e9nez","potentialAction":[{"@type":"SearchAction","target":{"@type":"EntryPoint","urlTemplate":"https:\/\/www.notaria56ags.com\/home\/?s={search_term_string}"},"query-input":{"@type":"PropertyValueSpecification","valueRequired":true,"valueName":"search_term_string"}}],"inLanguage":"es"}]}},"jetpack_sharing_enabled":true,"jetpack_shortlink":"https:\/\/wp.me\/P95uhm-5p","jetpack-related-posts":[],"_links":{"self":[{"href":"https:\/\/www.notaria56ags.com\/home\/wp-json\/wp\/v2\/pages\/335","targetHints":{"allow":["GET"]}}],"collection":[{"href":"https:\/\/www.notaria56ags.com\/home\/wp-json\/wp\/v2\/pages"}],"about":[{"href":"https:\/\/www.notaria56ags.com\/home\/wp-json\/wp\/v2\/types\/page"}],"author":[{"embeddable":true,"href":"https:\/\/www.notaria56ags.com\/home\/wp-json\/wp\/v2\/users\/1"}],"replies":[{"embeddable":true,"href":"https:\/\/www.notaria56ags.com\/home\/wp-json\/wp\/v2\/comments?post=335"}],"version-history":[{"count":6,"href":"https:\/\/www.notaria56ags.com\/home\/wp-json\/wp\/v2\/pages\/335\/revisions"}],"predecessor-version":[{"id":496,"href":"https:\/\/www.notaria56ags.com\/home\/wp-json\/wp\/v2\/pages\/335\/revisions\/496"}],"wp:attachment":[{"href":"https:\/\/www.notaria56ags.com\/home\/wp-json\/wp\/v2\/media?parent=335"}],"curies":[{"name":"wp","href":"https:\/\/api.w.org\/{rel}","templated":true}]}}