{"id":452,"date":"2017-03-15T17:24:07","date_gmt":"2017-03-15T17:24:07","guid":{"rendered":"http:\/\/www.notaria56ags.com\/home\/?page_id=452"},"modified":"2018-02-02T17:11:37","modified_gmt":"2018-02-02T17:11:37","slug":"dudas-acerca-de-la-notaria-publica-56-2","status":"publish","type":"page","link":"https:\/\/www.notaria56ags.com\/home\/dudas-acerca-de-la-notaria-publica-56-2\/","title":{"rendered":"Dudas"},"content":{"rendered":"<div class=\"wpb-content-wrapper\">[vc_row][vc_column][vc_tta_accordion spacing=&#8221;5&#8243; gap=&#8221;25&#8243; active_section=&#8221;&#8221; no_fill=&#8221;true&#8221; collapsible_all=&#8221;true&#8221; title=&#8221;Consulta nuestras preguntas frecuentes&#8221;][vc_tta_section title=&#8221;\u00bfCu\u00e1l es el horario de atenci\u00f3n a Clientes?&#8221; tab_id=&#8221;1489598324852-2ef23514-1ff0&#8243;][vc_column_text]Estamos para atenderlos de lunes a viernes de 9 AM. a 2PM y por las tardes de 4 a 7 PM.[\/vc_column_text][\/vc_tta_section][vc_tta_section title=&#8221;\u00bfPueden atenderme sin previa cita?&#8221; tab_id=&#8221;1489598324892-85e23ecf-e087&#8243;][vc_column_text]Si, pero la recomendaci\u00f3n para poder atenderle sin tiempos de espera es hacer una cita.[\/vc_column_text][\/vc_tta_section][vc_tta_section title=&#8221;\u00bfQu\u00e9 documentos son los que debo llevar a mi cita para que pueda orientarme el Notario?&#8221; tab_id=&#8221;1489598400905-ac9f1578-82fa&#8221;][vc_column_text]Documentos originales que se relacionen con su asunto, su c\u00e9dula fiscal o CURP y su identificaci\u00f3n, en caso de los extranjeros adem\u00e1s deber\u00e1n acreditar su legal estancia en el pa\u00eds[\/vc_column_text][\/vc_tta_section][vc_tta_section title=&#8221;\u00bfQu\u00e9 identificaci\u00f3n es aceptada por el Notario para poder firmar una escritura?&#8221; tab_id=&#8221;1489598426847-e8031e0d-2f1f&#8221;][vc_column_text]La credencial para votar, el pasaporte, la c\u00e9dula profesional o la cartilla militar.[\/vc_column_text][\/vc_tta_section][vc_tta_section title=&#8221;\u00bfQui\u00e9n puede pedir informes o recoger el testimonio de su escritura?&#8221; tab_id=&#8221;1489598518906-3938fe08-735a&#8221;][vc_column_text]Solamente se podr\u00e1n dar informes y entregar documentos directamente a los interesados, previa identificaci\u00f3n, o sus apoderados.[\/vc_column_text][\/vc_tta_section][vc_tta_section title=&#8221;\u00bfC\u00f3mo puedo saber si ya est\u00e1 lista mi escritura?&#8221; tab_id=&#8221;1489598592858-f606ebe0-8817&#8243;][vc_column_text]Puede contactarnos al tel\u00e9fono\u00a001 (449) 153 1510 y 912 10 56, y el personal de la notaria le dar\u00e1 informes.[\/vc_column_text][\/vc_tta_section][\/vc_tta_accordion][\/vc_column][\/vc_row]\n<\/div>","protected":false},"excerpt":{"rendered":"<p>[vc_row][vc_column][vc_tta_accordion spacing=&#8221;5&#8243; gap=&#8221;25&#8243; active_section=&#8221;&#8221; no_fill=&#8221;true&#8221; collapsible_all=&#8221;true&#8221; title=&#8221;Consulta nuestras preguntas frecuentes&#8221;][vc_tta_section title=&#8221;\u00bfCu\u00e1l es el horario de atenci\u00f3n a Clientes?&#8221; tab_id=&#8221;1489598324852-2ef23514-1ff0&#8243;][vc_column_text]Estamos para atenderlos de lunes a viernes de 9 AM. a 2PM y por las tardes de 4 a 7 PM.[\/vc_column_text][\/vc_tta_section][vc_tta_section title=&#8221;\u00bfPueden atenderme sin previa cita?&#8221; tab_id=&#8221;1489598324892-85e23ecf-e087&#8243;][vc_column_text]Si, pero la recomendaci\u00f3n para poder atenderle sin tiempos de espera [&hellip;]<\/p>\n","protected":false},"author":1,"featured_media":0,"parent":0,"menu_order":0,"comment_status":"closed","ping_status":"closed","template":"","meta":{"jetpack_post_was_ever_published":false,"footnotes":""},"class_list":["post-452","page","type-page","status-publish","hentry"],"yoast_head":"<!-- This site is optimized with the Yoast SEO plugin v24.2 - https:\/\/yoast.com\/wordpress\/plugins\/seo\/ -->\n<title>Notar\u00eda P\u00fablica 56, Lic. Herberto Ortega Jim\u00e9nez - Notar\u00eda p\u00fablica 56 en Aguascalientes<\/title>\n<meta name=\"description\" content=\"Notar\u00eda P\u00fablica 56, Derecho mercantil y corporativo: Constituci\u00f3n de sociedades, fusi\u00f3n, transformaci\u00f3n y m\u00e1s. Tel. 01(449)1531510, Aguascalientes, Mx.\" \/>\n<meta name=\"robots\" content=\"noindex, follow, max-snippet:-1, max-image-preview:large, max-video-preview:-1\" \/>\n<meta property=\"og:locale\" content=\"es_MX\" \/>\n<meta property=\"og:type\" content=\"article\" \/>\n<meta property=\"og:title\" content=\"Notar\u00eda P\u00fablica 56, Lic. Herberto Ortega Jim\u00e9nez - Notar\u00eda p\u00fablica 56 en Aguascalientes\" \/>\n<meta property=\"og:description\" content=\"Notar\u00eda P\u00fablica 56, Derecho mercantil y corporativo: Constituci\u00f3n de sociedades, fusi\u00f3n, transformaci\u00f3n y m\u00e1s. Tel. 01(449)1531510, Aguascalientes, Mx.\" \/>\n<meta property=\"og:url\" content=\"https:\/\/www.notaria56ags.com\/home\/dudas-acerca-de-la-notaria-publica-56-2\/\" \/>\n<meta property=\"og:site_name\" content=\"Notar\u00eda P\u00fablica 56\" \/>\n<meta property=\"article:modified_time\" content=\"2018-02-02T17:11:37+00:00\" \/>\n<meta name=\"twitter:card\" content=\"summary_large_image\" \/>\n<meta name=\"twitter:label1\" content=\"Tiempo de lectura\" \/>\n\t<meta name=\"twitter:data1\" content=\"2 minutos\" \/>\n<script type=\"application\/ld+json\" class=\"yoast-schema-graph\">{\"@context\":\"https:\/\/schema.org\",\"@graph\":[{\"@type\":\"WebPage\",\"@id\":\"https:\/\/www.notaria56ags.com\/home\/dudas-acerca-de-la-notaria-publica-56-2\/\",\"url\":\"https:\/\/www.notaria56ags.com\/home\/dudas-acerca-de-la-notaria-publica-56-2\/\",\"name\":\"Notar\u00eda P\u00fablica 56, Lic. Herberto Ortega Jim\u00e9nez - Notar\u00eda p\u00fablica 56 en Aguascalientes\",\"isPartOf\":{\"@id\":\"https:\/\/www.notaria56ags.com\/home\/#website\"},\"datePublished\":\"2017-03-15T17:24:07+00:00\",\"dateModified\":\"2018-02-02T17:11:37+00:00\",\"description\":\"Notar\u00eda P\u00fablica 56, Derecho mercantil y corporativo: Constituci\u00f3n de sociedades, fusi\u00f3n, transformaci\u00f3n y m\u00e1s. Tel. 01(449)1531510, Aguascalientes, Mx.\",\"breadcrumb\":{\"@id\":\"https:\/\/www.notaria56ags.com\/home\/dudas-acerca-de-la-notaria-publica-56-2\/#breadcrumb\"},\"inLanguage\":\"es\",\"potentialAction\":[{\"@type\":\"ReadAction\",\"target\":[\"https:\/\/www.notaria56ags.com\/home\/dudas-acerca-de-la-notaria-publica-56-2\/\"]}]},{\"@type\":\"BreadcrumbList\",\"@id\":\"https:\/\/www.notaria56ags.com\/home\/dudas-acerca-de-la-notaria-publica-56-2\/#breadcrumb\",\"itemListElement\":[{\"@type\":\"ListItem\",\"position\":1,\"name\":\"Inicio\",\"item\":\"https:\/\/www.notaria56ags.com\/home\/\"},{\"@type\":\"ListItem\",\"position\":2,\"name\":\"Dudas\"}]},{\"@type\":\"WebSite\",\"@id\":\"https:\/\/www.notaria56ags.com\/home\/#website\",\"url\":\"https:\/\/www.notaria56ags.com\/home\/\",\"name\":\"Notar\u00eda P\u00fablica 56\",\"description\":\"Lic. Herberto Ortega Jim\u00e9nez\",\"potentialAction\":[{\"@type\":\"SearchAction\",\"target\":{\"@type\":\"EntryPoint\",\"urlTemplate\":\"https:\/\/www.notaria56ags.com\/home\/?s={search_term_string}\"},\"query-input\":{\"@type\":\"PropertyValueSpecification\",\"valueRequired\":true,\"valueName\":\"search_term_string\"}}],\"inLanguage\":\"es\"}]}<\/script>\n<!-- \/ Yoast SEO plugin. -->","yoast_head_json":{"title":"Notar\u00eda P\u00fablica 56, Lic. Herberto Ortega Jim\u00e9nez - Notar\u00eda p\u00fablica 56 en Aguascalientes","description":"Notar\u00eda P\u00fablica 56, Derecho mercantil y corporativo: Constituci\u00f3n de sociedades, fusi\u00f3n, transformaci\u00f3n y m\u00e1s. Tel. 01(449)1531510, Aguascalientes, Mx.","robots":{"index":"noindex","follow":"follow","max-snippet":"max-snippet:-1","max-image-preview":"max-image-preview:large","max-video-preview":"max-video-preview:-1"},"og_locale":"es_MX","og_type":"article","og_title":"Notar\u00eda P\u00fablica 56, Lic. Herberto Ortega Jim\u00e9nez - Notar\u00eda p\u00fablica 56 en Aguascalientes","og_description":"Notar\u00eda P\u00fablica 56, Derecho mercantil y corporativo: Constituci\u00f3n de sociedades, fusi\u00f3n, transformaci\u00f3n y m\u00e1s. Tel. 01(449)1531510, Aguascalientes, Mx.","og_url":"https:\/\/www.notaria56ags.com\/home\/dudas-acerca-de-la-notaria-publica-56-2\/","og_site_name":"Notar\u00eda P\u00fablica 56","article_modified_time":"2018-02-02T17:11:37+00:00","twitter_card":"summary_large_image","twitter_misc":{"Tiempo de lectura":"2 minutos"},"schema":{"@context":"https:\/\/schema.org","@graph":[{"@type":"WebPage","@id":"https:\/\/www.notaria56ags.com\/home\/dudas-acerca-de-la-notaria-publica-56-2\/","url":"https:\/\/www.notaria56ags.com\/home\/dudas-acerca-de-la-notaria-publica-56-2\/","name":"Notar\u00eda P\u00fablica 56, Lic. Herberto Ortega Jim\u00e9nez - Notar\u00eda p\u00fablica 56 en Aguascalientes","isPartOf":{"@id":"https:\/\/www.notaria56ags.com\/home\/#website"},"datePublished":"2017-03-15T17:24:07+00:00","dateModified":"2018-02-02T17:11:37+00:00","description":"Notar\u00eda P\u00fablica 56, Derecho mercantil y corporativo: Constituci\u00f3n de sociedades, fusi\u00f3n, transformaci\u00f3n y m\u00e1s. Tel. 01(449)1531510, Aguascalientes, Mx.","breadcrumb":{"@id":"https:\/\/www.notaria56ags.com\/home\/dudas-acerca-de-la-notaria-publica-56-2\/#breadcrumb"},"inLanguage":"es","potentialAction":[{"@type":"ReadAction","target":["https:\/\/www.notaria56ags.com\/home\/dudas-acerca-de-la-notaria-publica-56-2\/"]}]},{"@type":"BreadcrumbList","@id":"https:\/\/www.notaria56ags.com\/home\/dudas-acerca-de-la-notaria-publica-56-2\/#breadcrumb","itemListElement":[{"@type":"ListItem","position":1,"name":"Inicio","item":"https:\/\/www.notaria56ags.com\/home\/"},{"@type":"ListItem","position":2,"name":"Dudas"}]},{"@type":"WebSite","@id":"https:\/\/www.notaria56ags.com\/home\/#website","url":"https:\/\/www.notaria56ags.com\/home\/","name":"Notar\u00eda P\u00fablica 56","description":"Lic. Herberto Ortega Jim\u00e9nez","potentialAction":[{"@type":"SearchAction","target":{"@type":"EntryPoint","urlTemplate":"https:\/\/www.notaria56ags.com\/home\/?s={search_term_string}"},"query-input":{"@type":"PropertyValueSpecification","valueRequired":true,"valueName":"search_term_string"}}],"inLanguage":"es"}]}},"jetpack_sharing_enabled":true,"jetpack_shortlink":"https:\/\/wp.me\/P95uhm-7i","jetpack-related-posts":[],"_links":{"self":[{"href":"https:\/\/www.notaria56ags.com\/home\/wp-json\/wp\/v2\/pages\/452","targetHints":{"allow":["GET"]}}],"collection":[{"href":"https:\/\/www.notaria56ags.com\/home\/wp-json\/wp\/v2\/pages"}],"about":[{"href":"https:\/\/www.notaria56ags.com\/home\/wp-json\/wp\/v2\/types\/page"}],"author":[{"embeddable":true,"href":"https:\/\/www.notaria56ags.com\/home\/wp-json\/wp\/v2\/users\/1"}],"replies":[{"embeddable":true,"href":"https:\/\/www.notaria56ags.com\/home\/wp-json\/wp\/v2\/comments?post=452"}],"version-history":[{"count":7,"href":"https:\/\/www.notaria56ags.com\/home\/wp-json\/wp\/v2\/pages\/452\/revisions"}],"predecessor-version":[{"id":535,"href":"https:\/\/www.notaria56ags.com\/home\/wp-json\/wp\/v2\/pages\/452\/revisions\/535"}],"wp:attachment":[{"href":"https:\/\/www.notaria56ags.com\/home\/wp-json\/wp\/v2\/media?parent=452"}],"curies":[{"name":"wp","href":"https:\/\/api.w.org\/{rel}","templated":true}]}}