{"id":551,"date":"2018-02-23T23:34:31","date_gmt":"2018-02-23T23:34:31","guid":{"rendered":"http:\/\/www.notaria56ags.com\/home\/?page_id=551"},"modified":"2018-02-23T23:49:02","modified_gmt":"2018-02-23T23:49:02","slug":"documentos-notaria-publica-56-aguascalientes","status":"publish","type":"page","link":"https:\/\/www.notaria56ags.com\/home\/documentos-notaria-publica-56-aguascalientes\/","title":{"rendered":"Documentos"},"content":{"rendered":"<div class=\"wpb-content-wrapper\">[vc_row css=&#8221;.vc_custom_1474877977697{padding-top: 10px !important;}&#8221;][vc_column] \n\n\n\n      <div class=\"about-page-content\">\n\n          <div class=\"container\">\n\n            \n              <div class=\"row\">\n\n                  <div class=\"col-lg-12 col-md-12 col-sm-12 col-xs-12 text-center\">\n\n                      <div class=\"about-title-area\">\n\n                          <h2  style=\"background:url(https:\/\/www.notaria56ags.com\/home\/wp-content\/uploads\/2016\/09\/notaria_publica_56_gris.jpg) no-repeat\" >Descarga tus documentos y agiliza tu proceso<\/h2>\n\n                          <p> <\/p>\n\n                      <\/div>\n\n                  <\/div>\n\n              <\/div>\n\n            \n              <div class=\"row feature-image\">\n\n                \n                  <div class=\"col-lg-6 col-md-6 col-sm-12 col-xs-12 text-center acurate\">\n\n                      <div class=\"about-featured-image\">\n\n                          <a href=\"#\"><img decoding=\"async\" src=\"\" alt=\"\"><\/a>\n\n                      <\/div>\n\n                  <\/div>\n\n                \n                \n              <\/div>\n\n          <\/div>\n\n      <\/div>\n\n[\/vc_column][\/vc_row][vc_row][vc_column width=&#8221;1\/2&#8243;][vc_cta h2=&#8221;Requisitos para constituci\u00f3n de sociedades&#8221; h4=&#8221;Notar\u00eda P\u00fablica 56&#8243; txt_align=&#8221;center&#8221; add_button=&#8221;bottom&#8221; btn_title=&#8221;Descargar Word&#8221; btn_color=&#8221;mulled-wine&#8221; btn_size=&#8221;lg&#8221; btn_align=&#8221;center&#8221; btn_i_icon_fontawesome=&#8221;fa fa-file-word-o&#8221; btn_button_block=&#8221;true&#8221; btn_add_icon=&#8221;true&#8221; btn_link=&#8221;url:http%3A%2F%2Fwww.notaria56ags.com%2FCURRICULUM_NOTARIO.pdf||target:%20_blank|&#8221;][\/vc_cta][\/vc_column][vc_column width=&#8221;1\/2&#8243;][vc_cta h2=&#8221;Formato de datos para testamento&#8221; h4=&#8221;Notar\u00eda P\u00fablica 56&#8243; txt_align=&#8221;center&#8221; add_button=&#8221;bottom&#8221; btn_title=&#8221;Descargar Word&#8221; btn_color=&#8221;mulled-wine&#8221; btn_size=&#8221;lg&#8221; btn_align=&#8221;center&#8221; btn_i_icon_fontawesome=&#8221;fa fa-file-word-o&#8221; btn_button_block=&#8221;true&#8221; btn_add_icon=&#8221;true&#8221; btn_link=&#8221;url:http%3A%2F%2Fwww.notaria56ags.com%2FCURRICULUM_NOTARIO.pdf||target:%20_blank|&#8221;][\/vc_cta][\/vc_column][\/vc_row]\n<\/div>","protected":false},"excerpt":{"rendered":"<p>[vc_row css=&#8221;.vc_custom_1474877977697{padding-top: 10px !important;}&#8221;][vc_column][\/vc_column][\/vc_row][vc_row][vc_column width=&#8221;1\/2&#8243;][vc_cta h2=&#8221;Requisitos para constituci\u00f3n de sociedades&#8221; h4=&#8221;Notar\u00eda P\u00fablica 56&#8243; txt_align=&#8221;center&#8221; add_button=&#8221;bottom&#8221; btn_title=&#8221;Descargar Word&#8221; btn_color=&#8221;mulled-wine&#8221; btn_size=&#8221;lg&#8221; btn_align=&#8221;center&#8221; btn_i_icon_fontawesome=&#8221;fa fa-file-word-o&#8221; btn_button_block=&#8221;true&#8221; btn_add_icon=&#8221;true&#8221; btn_link=&#8221;url:http%3A%2F%2Fwww.notaria56ags.com%2FCURRICULUM_NOTARIO.pdf||target:%20_blank|&#8221;][\/vc_cta][\/vc_column][vc_column width=&#8221;1\/2&#8243;][vc_cta h2=&#8221;Formato de datos para testamento&#8221; h4=&#8221;Notar\u00eda P\u00fablica 56&#8243; txt_align=&#8221;center&#8221; add_button=&#8221;bottom&#8221; btn_title=&#8221;Descargar Word&#8221; btn_color=&#8221;mulled-wine&#8221; btn_size=&#8221;lg&#8221; btn_align=&#8221;center&#8221; btn_i_icon_fontawesome=&#8221;fa fa-file-word-o&#8221; btn_button_block=&#8221;true&#8221; btn_add_icon=&#8221;true&#8221; btn_link=&#8221;url:http%3A%2F%2Fwww.notaria56ags.com%2FCURRICULUM_NOTARIO.pdf||target:%20_blank|&#8221;][\/vc_cta][\/vc_column][\/vc_row]<\/p>\n","protected":false},"author":1,"featured_media":0,"parent":0,"menu_order":0,"comment_status":"closed","ping_status":"closed","template":"page-shortcode.php","meta":{"jetpack_post_was_ever_published":false,"footnotes":""},"class_list":["post-551","page","type-page","status-publish","hentry"],"yoast_head":"<!-- This site is optimized with the Yoast SEO plugin v24.2 - https:\/\/yoast.com\/wordpress\/plugins\/seo\/ -->\n<title>Notar\u00eda P\u00fablica 56, Lic. Herberto Ortega Jim\u00e9nez - Documentos<\/title>\n<meta name=\"description\" content=\"Notar\u00eda P\u00fablica 56, Derecho inmobiliario: Compraventa, donaci\u00f3n, permuta, herencia, fideicomisos, hipotecas y m\u00e1s. Tel. 01(449)1531510, Aguascalientes, Mx.\" \/>\n<meta name=\"robots\" content=\"noindex, follow, max-snippet:-1, max-image-preview:large, max-video-preview:-1\" \/>\n<meta property=\"og:locale\" content=\"es_MX\" \/>\n<meta property=\"og:type\" content=\"article\" \/>\n<meta property=\"og:title\" content=\"Notar\u00eda P\u00fablica 56, Lic. Herberto Ortega Jim\u00e9nez - Documentos\" \/>\n<meta property=\"og:description\" content=\"Notar\u00eda P\u00fablica 56, Derecho inmobiliario: Compraventa, donaci\u00f3n, permuta, herencia, fideicomisos, hipotecas y m\u00e1s. Tel. 01(449)1531510, Aguascalientes, Mx.\" \/>\n<meta property=\"og:url\" content=\"https:\/\/www.notaria56ags.com\/home\/documentos-notaria-publica-56-aguascalientes\/\" \/>\n<meta property=\"og:site_name\" content=\"Notar\u00eda P\u00fablica 56\" \/>\n<meta property=\"article:modified_time\" content=\"2018-02-23T23:49:02+00:00\" \/>\n<meta name=\"twitter:card\" content=\"summary_large_image\" \/>\n<meta name=\"twitter:label1\" content=\"Tiempo de lectura\" \/>\n\t<meta name=\"twitter:data1\" content=\"1 minuto\" \/>\n<script type=\"application\/ld+json\" class=\"yoast-schema-graph\">{\"@context\":\"https:\/\/schema.org\",\"@graph\":[{\"@type\":\"WebPage\",\"@id\":\"https:\/\/www.notaria56ags.com\/home\/documentos-notaria-publica-56-aguascalientes\/\",\"url\":\"https:\/\/www.notaria56ags.com\/home\/documentos-notaria-publica-56-aguascalientes\/\",\"name\":\"Notar\u00eda P\u00fablica 56, Lic. Herberto Ortega Jim\u00e9nez - Documentos\",\"isPartOf\":{\"@id\":\"https:\/\/www.notaria56ags.com\/home\/#website\"},\"datePublished\":\"2018-02-23T23:34:31+00:00\",\"dateModified\":\"2018-02-23T23:49:02+00:00\",\"description\":\"Notar\u00eda P\u00fablica 56, Derecho inmobiliario: Compraventa, donaci\u00f3n, permuta, herencia, fideicomisos, hipotecas y m\u00e1s. Tel. 01(449)1531510, Aguascalientes, Mx.\",\"breadcrumb\":{\"@id\":\"https:\/\/www.notaria56ags.com\/home\/documentos-notaria-publica-56-aguascalientes\/#breadcrumb\"},\"inLanguage\":\"es\",\"potentialAction\":[{\"@type\":\"ReadAction\",\"target\":[\"https:\/\/www.notaria56ags.com\/home\/documentos-notaria-publica-56-aguascalientes\/\"]}]},{\"@type\":\"BreadcrumbList\",\"@id\":\"https:\/\/www.notaria56ags.com\/home\/documentos-notaria-publica-56-aguascalientes\/#breadcrumb\",\"itemListElement\":[{\"@type\":\"ListItem\",\"position\":1,\"name\":\"Inicio\",\"item\":\"https:\/\/www.notaria56ags.com\/home\/\"},{\"@type\":\"ListItem\",\"position\":2,\"name\":\"Documentos\"}]},{\"@type\":\"WebSite\",\"@id\":\"https:\/\/www.notaria56ags.com\/home\/#website\",\"url\":\"https:\/\/www.notaria56ags.com\/home\/\",\"name\":\"Notar\u00eda P\u00fablica 56\",\"description\":\"Lic. Herberto Ortega Jim\u00e9nez\",\"potentialAction\":[{\"@type\":\"SearchAction\",\"target\":{\"@type\":\"EntryPoint\",\"urlTemplate\":\"https:\/\/www.notaria56ags.com\/home\/?s={search_term_string}\"},\"query-input\":{\"@type\":\"PropertyValueSpecification\",\"valueRequired\":true,\"valueName\":\"search_term_string\"}}],\"inLanguage\":\"es\"}]}<\/script>\n<!-- \/ Yoast SEO plugin. -->","yoast_head_json":{"title":"Notar\u00eda P\u00fablica 56, Lic. Herberto Ortega Jim\u00e9nez - Documentos","description":"Notar\u00eda P\u00fablica 56, Derecho inmobiliario: Compraventa, donaci\u00f3n, permuta, herencia, fideicomisos, hipotecas y m\u00e1s. Tel. 01(449)1531510, Aguascalientes, Mx.","robots":{"index":"noindex","follow":"follow","max-snippet":"max-snippet:-1","max-image-preview":"max-image-preview:large","max-video-preview":"max-video-preview:-1"},"og_locale":"es_MX","og_type":"article","og_title":"Notar\u00eda P\u00fablica 56, Lic. Herberto Ortega Jim\u00e9nez - Documentos","og_description":"Notar\u00eda P\u00fablica 56, Derecho inmobiliario: Compraventa, donaci\u00f3n, permuta, herencia, fideicomisos, hipotecas y m\u00e1s. Tel. 01(449)1531510, Aguascalientes, Mx.","og_url":"https:\/\/www.notaria56ags.com\/home\/documentos-notaria-publica-56-aguascalientes\/","og_site_name":"Notar\u00eda P\u00fablica 56","article_modified_time":"2018-02-23T23:49:02+00:00","twitter_card":"summary_large_image","twitter_misc":{"Tiempo de lectura":"1 minuto"},"schema":{"@context":"https:\/\/schema.org","@graph":[{"@type":"WebPage","@id":"https:\/\/www.notaria56ags.com\/home\/documentos-notaria-publica-56-aguascalientes\/","url":"https:\/\/www.notaria56ags.com\/home\/documentos-notaria-publica-56-aguascalientes\/","name":"Notar\u00eda P\u00fablica 56, Lic. Herberto Ortega Jim\u00e9nez - Documentos","isPartOf":{"@id":"https:\/\/www.notaria56ags.com\/home\/#website"},"datePublished":"2018-02-23T23:34:31+00:00","dateModified":"2018-02-23T23:49:02+00:00","description":"Notar\u00eda P\u00fablica 56, Derecho inmobiliario: Compraventa, donaci\u00f3n, permuta, herencia, fideicomisos, hipotecas y m\u00e1s. Tel. 01(449)1531510, Aguascalientes, Mx.","breadcrumb":{"@id":"https:\/\/www.notaria56ags.com\/home\/documentos-notaria-publica-56-aguascalientes\/#breadcrumb"},"inLanguage":"es","potentialAction":[{"@type":"ReadAction","target":["https:\/\/www.notaria56ags.com\/home\/documentos-notaria-publica-56-aguascalientes\/"]}]},{"@type":"BreadcrumbList","@id":"https:\/\/www.notaria56ags.com\/home\/documentos-notaria-publica-56-aguascalientes\/#breadcrumb","itemListElement":[{"@type":"ListItem","position":1,"name":"Inicio","item":"https:\/\/www.notaria56ags.com\/home\/"},{"@type":"ListItem","position":2,"name":"Documentos"}]},{"@type":"WebSite","@id":"https:\/\/www.notaria56ags.com\/home\/#website","url":"https:\/\/www.notaria56ags.com\/home\/","name":"Notar\u00eda P\u00fablica 56","description":"Lic. Herberto Ortega Jim\u00e9nez","potentialAction":[{"@type":"SearchAction","target":{"@type":"EntryPoint","urlTemplate":"https:\/\/www.notaria56ags.com\/home\/?s={search_term_string}"},"query-input":{"@type":"PropertyValueSpecification","valueRequired":true,"valueName":"search_term_string"}}],"inLanguage":"es"}]}},"jetpack_sharing_enabled":true,"jetpack_shortlink":"https:\/\/wp.me\/P95uhm-8T","jetpack-related-posts":[],"_links":{"self":[{"href":"https:\/\/www.notaria56ags.com\/home\/wp-json\/wp\/v2\/pages\/551","targetHints":{"allow":["GET"]}}],"collection":[{"href":"https:\/\/www.notaria56ags.com\/home\/wp-json\/wp\/v2\/pages"}],"about":[{"href":"https:\/\/www.notaria56ags.com\/home\/wp-json\/wp\/v2\/types\/page"}],"author":[{"embeddable":true,"href":"https:\/\/www.notaria56ags.com\/home\/wp-json\/wp\/v2\/users\/1"}],"replies":[{"embeddable":true,"href":"https:\/\/www.notaria56ags.com\/home\/wp-json\/wp\/v2\/comments?post=551"}],"version-history":[{"count":3,"href":"https:\/\/www.notaria56ags.com\/home\/wp-json\/wp\/v2\/pages\/551\/revisions"}],"predecessor-version":[{"id":554,"href":"https:\/\/www.notaria56ags.com\/home\/wp-json\/wp\/v2\/pages\/551\/revisions\/554"}],"wp:attachment":[{"href":"https:\/\/www.notaria56ags.com\/home\/wp-json\/wp\/v2\/media?parent=551"}],"curies":[{"name":"wp","href":"https:\/\/api.w.org\/{rel}","templated":true}]}}